{"id":936,"date":"2026-02-26T11:46:46","date_gmt":"2026-02-26T11:46:46","guid":{"rendered":"https:\/\/botalico.com\/?post_type=product&#038;p=936"},"modified":"2026-02-26T11:59:50","modified_gmt":"2026-02-26T11:59:50","slug":"planta-de-arbol-del-paraiso-elaeagnus-angustifolia","status":"publish","type":"product","link":"https:\/\/botalico.com\/index.php\/producto\/planta-de-arbol-del-paraiso-elaeagnus-angustifolia\/","title":{"rendered":"Planta de \u00c1rbol del paraiso | Elaeagnus angustifolia"},"content":{"rendered":"<p>La <strong data-start=\"3\" data-end=\"44\"><span class=\"hover:entity-accent entity-underline inline cursor-pointer align-baseline\"><span class=\"whitespace-normal\">Elaeagnus angustifolia<\/span><\/span><\/strong>, conocida como <strong data-start=\"60\" data-end=\"81\">\u00c1rbol del para\u00edso<\/strong>, es un \u00e1rbol ornamental de tama\u00f1o mediano, apreciado por su follaje plateado y su resistencia. Puede alcanzar entre 6 y 10 metros de altura, produce peque\u00f1as flores arom\u00e1ticas y frutos comestibles. Es muy tolerante a la sequ\u00eda y se adapta bien a suelos pobres y climas variados.<\/p>\n","protected":false},"excerpt":{"rendered":"<p>La Elaeagnus angustifolia, conocida como \u00c1rbol del para\u00edso, es un \u00e1rbol ornamental de tama\u00f1o mediano, apreciado por su follaje plateado y su resistencia. Puede alcanzar entre 6 y 10 metros de altura, produce peque\u00f1as flores arom\u00e1ticas y frutos comestibles. Es muy tolerante a la sequ\u00eda y se adapta bien a suelos pobres y climas variados.<\/p>\n","protected":false},"featured_media":946,"comment_status":"open","ping_status":"closed","template":"","meta":{"_et_pb_use_builder":"","_et_pb_old_content":"","_et_gb_content_width":""},"product_brand":[],"product_cat":[15],"product_tag":[],"class_list":{"0":"post-936","1":"product","2":"type-product","3":"status-publish","4":"has-post-thumbnail","6":"product_cat-sin-categorizar","8":"first","9":"instock","10":"shipping-taxable","11":"purchasable","12":"product-type-simple"},"jetpack_sharing_enabled":true,"_links":{"self":[{"href":"https:\/\/botalico.com\/index.php\/wp-json\/wp\/v2\/product\/936","targetHints":{"allow":["GET"]}}],"collection":[{"href":"https:\/\/botalico.com\/index.php\/wp-json\/wp\/v2\/product"}],"about":[{"href":"https:\/\/botalico.com\/index.php\/wp-json\/wp\/v2\/types\/product"}],"replies":[{"embeddable":true,"href":"https:\/\/botalico.com\/index.php\/wp-json\/wp\/v2\/comments?post=936"}],"wp:featuredmedia":[{"embeddable":true,"href":"https:\/\/botalico.com\/index.php\/wp-json\/wp\/v2\/media\/946"}],"wp:attachment":[{"href":"https:\/\/botalico.com\/index.php\/wp-json\/wp\/v2\/media?parent=936"}],"wp:term":[{"taxonomy":"product_brand","embeddable":true,"href":"https:\/\/botalico.com\/index.php\/wp-json\/wp\/v2\/product_brand?post=936"},{"taxonomy":"product_cat","embeddable":true,"href":"https:\/\/botalico.com\/index.php\/wp-json\/wp\/v2\/product_cat?post=936"},{"taxonomy":"product_tag","embeddable":true,"href":"https:\/\/botalico.com\/index.php\/wp-json\/wp\/v2\/product_tag?post=936"}],"curies":[{"name":"wp","href":"https:\/\/api.w.org\/{rel}","templated":true}]}}