{"id":934,"date":"2026-02-26T11:46:45","date_gmt":"2026-02-26T11:46:45","guid":{"rendered":"https:\/\/botalico.com\/?post_type=product&#038;p=934"},"modified":"2026-02-26T12:01:08","modified_gmt":"2026-02-26T12:01:08","slug":"planta-de-arbol-de-jupiter-lagerstroemia-indica","status":"publish","type":"product","link":"https:\/\/botalico.com\/index.php\/producto\/planta-de-arbol-de-jupiter-lagerstroemia-indica\/","title":{"rendered":"Planta de \u00c1rbol de j\u00fapiter | Lagerstroemia indica"},"content":{"rendered":"<p>La <strong data-start=\"3\" data-end=\"44\"><span class=\"hover:entity-accent entity-underline inline cursor-pointer align-baseline\"><span class=\"whitespace-normal\">Lagerstroemia indica<\/span><\/span><\/strong>, conocida como <strong data-start=\"60\" data-end=\"80\">\u00c1rbol de J\u00fapiter<\/strong>, es un \u00e1rbol ornamental de tama\u00f1o peque\u00f1o a mediano, muy apreciado por su espectacular floraci\u00f3n en verano, con flores en tonos rosados, rojos, blancos o violetas. Puede alcanzar entre 4 y 8 metros de altura y destaca tambi\u00e9n por su corteza decorativa. Prefiere pleno sol y suelos bien drenados.<\/p>\n","protected":false},"excerpt":{"rendered":"<p>La Lagerstroemia indica, conocida como \u00c1rbol de J\u00fapiter, es un \u00e1rbol ornamental de tama\u00f1o peque\u00f1o a mediano, muy apreciado por su espectacular floraci\u00f3n en verano, con flores en tonos rosados, rojos, blancos o violetas. Puede alcanzar entre 4 y 8 metros de altura y destaca tambi\u00e9n por su corteza decorativa. Prefiere pleno sol y suelos [&hellip;]<\/p>\n","protected":false},"featured_media":949,"comment_status":"open","ping_status":"closed","template":"","meta":{"_et_pb_use_builder":"","_et_pb_old_content":"","_et_gb_content_width":""},"product_brand":[],"product_cat":[15],"product_tag":[],"class_list":{"0":"post-934","1":"product","2":"type-product","3":"status-publish","4":"has-post-thumbnail","6":"product_cat-sin-categorizar","8":"first","9":"instock","10":"shipping-taxable","11":"purchasable","12":"product-type-simple"},"jetpack_sharing_enabled":true,"_links":{"self":[{"href":"https:\/\/botalico.com\/index.php\/wp-json\/wp\/v2\/product\/934","targetHints":{"allow":["GET"]}}],"collection":[{"href":"https:\/\/botalico.com\/index.php\/wp-json\/wp\/v2\/product"}],"about":[{"href":"https:\/\/botalico.com\/index.php\/wp-json\/wp\/v2\/types\/product"}],"replies":[{"embeddable":true,"href":"https:\/\/botalico.com\/index.php\/wp-json\/wp\/v2\/comments?post=934"}],"wp:featuredmedia":[{"embeddable":true,"href":"https:\/\/botalico.com\/index.php\/wp-json\/wp\/v2\/media\/949"}],"wp:attachment":[{"href":"https:\/\/botalico.com\/index.php\/wp-json\/wp\/v2\/media?parent=934"}],"wp:term":[{"taxonomy":"product_brand","embeddable":true,"href":"https:\/\/botalico.com\/index.php\/wp-json\/wp\/v2\/product_brand?post=934"},{"taxonomy":"product_cat","embeddable":true,"href":"https:\/\/botalico.com\/index.php\/wp-json\/wp\/v2\/product_cat?post=934"},{"taxonomy":"product_tag","embeddable":true,"href":"https:\/\/botalico.com\/index.php\/wp-json\/wp\/v2\/product_tag?post=934"}],"curies":[{"name":"wp","href":"https:\/\/api.w.org\/{rel}","templated":true}]}}