{"id":932,"date":"2026-02-26T11:46:45","date_gmt":"2026-02-26T11:46:45","guid":{"rendered":"https:\/\/botalico.com\/?post_type=product&#038;p=932"},"modified":"2026-02-26T11:58:47","modified_gmt":"2026-02-26T11:58:47","slug":"planta-de-alamo-blanco-populus-alba","status":"publish","type":"product","link":"https:\/\/botalico.com\/index.php\/producto\/planta-de-alamo-blanco-populus-alba\/","title":{"rendered":"Planta de \u00c1lamo blanco | Populus alba"},"content":{"rendered":"<p>La <strong data-start=\"3\" data-end=\"44\"><span class=\"hover:entity-accent entity-underline inline cursor-pointer align-baseline\"><span class=\"whitespace-normal\">Populus alba<\/span><\/span><\/strong>, conocida como <strong data-start=\"60\" data-end=\"76\">\u00c1lamo blanco<\/strong>, es un \u00e1rbol de r\u00e1pido crecimiento que puede alcanzar hasta 30 metros de altura. Destaca por el contraste de sus hojas verdes por el haz y blanquecinas por el env\u00e9s, lo que le da un aspecto plateado al moverse con el viento. Es resistente y se adapta bien a distintos tipos de suelo, especialmente en zonas h\u00famedas y soleadas.<\/p>\n","protected":false},"excerpt":{"rendered":"<p>La Populus alba, conocida como \u00c1lamo blanco, es un \u00e1rbol de r\u00e1pido crecimiento que puede alcanzar hasta 30 metros de altura. Destaca por el contraste de sus hojas verdes por el haz y blanquecinas por el env\u00e9s, lo que le da un aspecto plateado al moverse con el viento. Es resistente y se adapta bien [&hellip;]<\/p>\n","protected":false},"featured_media":945,"comment_status":"open","ping_status":"closed","template":"","meta":{"_et_pb_use_builder":"","_et_pb_old_content":"","_et_gb_content_width":""},"product_brand":[],"product_cat":[15],"product_tag":[],"class_list":{"0":"post-932","1":"product","2":"type-product","3":"status-publish","4":"has-post-thumbnail","6":"product_cat-sin-categorizar","8":"first","9":"instock","10":"shipping-taxable","11":"product-type-simple"},"jetpack_sharing_enabled":true,"_links":{"self":[{"href":"https:\/\/botalico.com\/index.php\/wp-json\/wp\/v2\/product\/932","targetHints":{"allow":["GET"]}}],"collection":[{"href":"https:\/\/botalico.com\/index.php\/wp-json\/wp\/v2\/product"}],"about":[{"href":"https:\/\/botalico.com\/index.php\/wp-json\/wp\/v2\/types\/product"}],"replies":[{"embeddable":true,"href":"https:\/\/botalico.com\/index.php\/wp-json\/wp\/v2\/comments?post=932"}],"wp:featuredmedia":[{"embeddable":true,"href":"https:\/\/botalico.com\/index.php\/wp-json\/wp\/v2\/media\/945"}],"wp:attachment":[{"href":"https:\/\/botalico.com\/index.php\/wp-json\/wp\/v2\/media?parent=932"}],"wp:term":[{"taxonomy":"product_brand","embeddable":true,"href":"https:\/\/botalico.com\/index.php\/wp-json\/wp\/v2\/product_brand?post=932"},{"taxonomy":"product_cat","embeddable":true,"href":"https:\/\/botalico.com\/index.php\/wp-json\/wp\/v2\/product_cat?post=932"},{"taxonomy":"product_tag","embeddable":true,"href":"https:\/\/botalico.com\/index.php\/wp-json\/wp\/v2\/product_tag?post=932"}],"curies":[{"name":"wp","href":"https:\/\/api.w.org\/{rel}","templated":true}]}}