{"id":931,"date":"2026-02-26T11:46:44","date_gmt":"2026-02-26T11:46:44","guid":{"rendered":"https:\/\/botalico.com\/?post_type=product&#038;p=931"},"modified":"2026-02-26T12:04:11","modified_gmt":"2026-02-26T12:04:11","slug":"planta-de-pequena-albahaca-de-hoja","status":"publish","type":"product","link":"https:\/\/botalico.com\/index.php\/producto\/planta-de-pequena-albahaca-de-hoja\/","title":{"rendered":"Planta de peque\u00f1a | Albahaca de hoja"},"content":{"rendered":"<p>La <strong data-start=\"110\" data-end=\"138\">Albahaca de hoja peque\u00f1a<\/strong> (<em data-start=\"140\" data-end=\"158\">Ocimum basilicum<\/em>) es una hierba arom\u00e1tica muy popular en cocina. Sus hojas son peque\u00f1as, verdes y fragantes, ideales para condimentar platos como ensaladas, salsas o pastas.<\/p>\n","protected":false},"excerpt":{"rendered":"<p>La Albahaca de hoja peque\u00f1a (Ocimum basilicum) es una hierba arom\u00e1tica muy popular en cocina. Sus hojas son peque\u00f1as, verdes y fragantes, ideales para condimentar platos como ensaladas, salsas o pastas.<\/p>\n","protected":false},"featured_media":955,"comment_status":"open","ping_status":"closed","template":"","meta":{"_et_pb_use_builder":"","_et_pb_old_content":"","_et_gb_content_width":""},"product_brand":[],"product_cat":[15],"product_tag":[],"class_list":{"0":"post-931","1":"product","2":"type-product","3":"status-publish","4":"has-post-thumbnail","6":"product_cat-sin-categorizar","8":"first","9":"instock","10":"shipping-taxable","11":"purchasable","12":"product-type-simple"},"jetpack_sharing_enabled":true,"_links":{"self":[{"href":"https:\/\/botalico.com\/index.php\/wp-json\/wp\/v2\/product\/931","targetHints":{"allow":["GET"]}}],"collection":[{"href":"https:\/\/botalico.com\/index.php\/wp-json\/wp\/v2\/product"}],"about":[{"href":"https:\/\/botalico.com\/index.php\/wp-json\/wp\/v2\/types\/product"}],"replies":[{"embeddable":true,"href":"https:\/\/botalico.com\/index.php\/wp-json\/wp\/v2\/comments?post=931"}],"wp:featuredmedia":[{"embeddable":true,"href":"https:\/\/botalico.com\/index.php\/wp-json\/wp\/v2\/media\/955"}],"wp:attachment":[{"href":"https:\/\/botalico.com\/index.php\/wp-json\/wp\/v2\/media?parent=931"}],"wp:term":[{"taxonomy":"product_brand","embeddable":true,"href":"https:\/\/botalico.com\/index.php\/wp-json\/wp\/v2\/product_brand?post=931"},{"taxonomy":"product_cat","embeddable":true,"href":"https:\/\/botalico.com\/index.php\/wp-json\/wp\/v2\/product_cat?post=931"},{"taxonomy":"product_tag","embeddable":true,"href":"https:\/\/botalico.com\/index.php\/wp-json\/wp\/v2\/product_tag?post=931"}],"curies":[{"name":"wp","href":"https:\/\/api.w.org\/{rel}","templated":true}]}}