{"id":928,"date":"2026-02-26T11:46:44","date_gmt":"2026-02-26T11:46:44","guid":{"rendered":"https:\/\/botalico.com\/?post_type=product&#038;p=928"},"modified":"2026-02-26T12:04:11","modified_gmt":"2026-02-26T12:04:11","slug":"planta-de-zurron-de-pastor-capsella-bursa-pastoris","status":"publish","type":"product","link":"https:\/\/botalico.com\/index.php\/producto\/planta-de-zurron-de-pastor-capsella-bursa-pastoris\/","title":{"rendered":"Planta de Zurron de pastor | Capsella bursa-pastoris"},"content":{"rendered":"<p style=\"text-align: left\">La <strong data-start=\"3\" data-end=\"44\"><span class=\"hover:entity-accent entity-underline inline cursor-pointer align-baseline\"><span class=\"whitespace-normal\">Capsella bursa-pastoris<\/span><\/span><\/strong>, conocida como <strong data-start=\"60\" data-end=\"80\">Zurr\u00f3n de pastor<\/strong>, es una planta herb\u00e1cea anual de peque\u00f1o tama\u00f1o, muy com\u00fan en campos y bordes de caminos. Se caracteriza por sus peque\u00f1as flores blancas y sus frutos en forma de coraz\u00f3n. Es resistente y tradicionalmente utilizada en medicina natural por sus propiedades astringentes.<\/p>\n","protected":false},"excerpt":{"rendered":"<p>La Capsella bursa-pastoris, conocida como Zurr\u00f3n de pastor, es una planta herb\u00e1cea anual de peque\u00f1o tama\u00f1o, muy com\u00fan en campos y bordes de caminos. Se caracteriza por sus peque\u00f1as flores blancas y sus frutos en forma de coraz\u00f3n. Es resistente y tradicionalmente utilizada en medicina natural por sus propiedades astringentes.<\/p>\n","protected":false},"featured_media":954,"comment_status":"open","ping_status":"closed","template":"","meta":{"_et_pb_use_builder":"","_et_pb_old_content":"","_et_gb_content_width":""},"product_brand":[],"product_cat":[15],"product_tag":[],"class_list":{"0":"post-928","1":"product","2":"type-product","3":"status-publish","4":"has-post-thumbnail","6":"product_cat-sin-categorizar","8":"first","9":"instock","10":"shipping-taxable","11":"purchasable","12":"product-type-simple"},"jetpack_sharing_enabled":true,"_links":{"self":[{"href":"https:\/\/botalico.com\/index.php\/wp-json\/wp\/v2\/product\/928","targetHints":{"allow":["GET"]}}],"collection":[{"href":"https:\/\/botalico.com\/index.php\/wp-json\/wp\/v2\/product"}],"about":[{"href":"https:\/\/botalico.com\/index.php\/wp-json\/wp\/v2\/types\/product"}],"replies":[{"embeddable":true,"href":"https:\/\/botalico.com\/index.php\/wp-json\/wp\/v2\/comments?post=928"}],"wp:featuredmedia":[{"embeddable":true,"href":"https:\/\/botalico.com\/index.php\/wp-json\/wp\/v2\/media\/954"}],"wp:attachment":[{"href":"https:\/\/botalico.com\/index.php\/wp-json\/wp\/v2\/media?parent=928"}],"wp:term":[{"taxonomy":"product_brand","embeddable":true,"href":"https:\/\/botalico.com\/index.php\/wp-json\/wp\/v2\/product_brand?post=928"},{"taxonomy":"product_cat","embeddable":true,"href":"https:\/\/botalico.com\/index.php\/wp-json\/wp\/v2\/product_cat?post=928"},{"taxonomy":"product_tag","embeddable":true,"href":"https:\/\/botalico.com\/index.php\/wp-json\/wp\/v2\/product_tag?post=928"}],"curies":[{"name":"wp","href":"https:\/\/api.w.org\/{rel}","templated":true}]}}