{"id":927,"date":"2026-02-26T11:46:44","date_gmt":"2026-02-26T11:46:44","guid":{"rendered":"https:\/\/botalico.com\/?post_type=product&#038;p=927"},"modified":"2026-02-26T12:02:52","modified_gmt":"2026-02-26T12:02:52","slug":"planta-de-zumaque-rhus-coriaria","status":"publish","type":"product","link":"https:\/\/botalico.com\/index.php\/producto\/planta-de-zumaque-rhus-coriaria\/","title":{"rendered":"Planta de Zumaque | Rhus coriaria"},"content":{"rendered":"<p>El <strong data-start=\"90\" data-end=\"101\">Zumaque<\/strong> (<em data-start=\"103\" data-end=\"118\">Rhus coriaria<\/em>) es un arbusto o peque\u00f1o \u00e1rbol muy resistente, t\u00edpico de zonas mediterr\u00e1neas. Sus hojas son compuestas y pinnadas, y en oto\u00f1o adquieren tonos rojizos que lo hacen muy decorativo.<\/p>\n","protected":false},"excerpt":{"rendered":"<p>El Zumaque (Rhus coriaria) es un arbusto o peque\u00f1o \u00e1rbol muy resistente, t\u00edpico de zonas mediterr\u00e1neas. Sus hojas son compuestas y pinnadas, y en oto\u00f1o adquieren tonos rojizos que lo hacen muy decorativo.<\/p>\n","protected":false},"featured_media":951,"comment_status":"open","ping_status":"closed","template":"","meta":{"_et_pb_use_builder":"","_et_pb_old_content":"","_et_gb_content_width":""},"product_brand":[],"product_cat":[15],"product_tag":[],"class_list":{"0":"post-927","1":"product","2":"type-product","3":"status-publish","4":"has-post-thumbnail","6":"product_cat-sin-categorizar","8":"first","9":"instock","10":"shipping-taxable","11":"purchasable","12":"product-type-simple"},"jetpack_sharing_enabled":true,"_links":{"self":[{"href":"https:\/\/botalico.com\/index.php\/wp-json\/wp\/v2\/product\/927","targetHints":{"allow":["GET"]}}],"collection":[{"href":"https:\/\/botalico.com\/index.php\/wp-json\/wp\/v2\/product"}],"about":[{"href":"https:\/\/botalico.com\/index.php\/wp-json\/wp\/v2\/types\/product"}],"replies":[{"embeddable":true,"href":"https:\/\/botalico.com\/index.php\/wp-json\/wp\/v2\/comments?post=927"}],"wp:featuredmedia":[{"embeddable":true,"href":"https:\/\/botalico.com\/index.php\/wp-json\/wp\/v2\/media\/951"}],"wp:attachment":[{"href":"https:\/\/botalico.com\/index.php\/wp-json\/wp\/v2\/media?parent=927"}],"wp:term":[{"taxonomy":"product_brand","embeddable":true,"href":"https:\/\/botalico.com\/index.php\/wp-json\/wp\/v2\/product_brand?post=927"},{"taxonomy":"product_cat","embeddable":true,"href":"https:\/\/botalico.com\/index.php\/wp-json\/wp\/v2\/product_cat?post=927"},{"taxonomy":"product_tag","embeddable":true,"href":"https:\/\/botalico.com\/index.php\/wp-json\/wp\/v2\/product_tag?post=927"}],"curies":[{"name":"wp","href":"https:\/\/api.w.org\/{rel}","templated":true}]}}