{"id":925,"date":"2026-02-26T11:46:44","date_gmt":"2026-02-26T11:46:44","guid":{"rendered":"https:\/\/botalico.com\/?post_type=product&#038;p=925"},"modified":"2026-02-26T12:05:44","modified_gmt":"2026-02-26T12:05:44","slug":"planta-de-zarzaparrilla-alemana-carex-arenaria","status":"publish","type":"product","link":"https:\/\/botalico.com\/index.php\/producto\/planta-de-zarzaparrilla-alemana-carex-arenaria\/","title":{"rendered":"Planta de Zarzaparrilla alemana | Carex arenaria"},"content":{"rendered":"<p>La <strong data-start=\"3\" data-end=\"44\"><span class=\"hover:entity-accent entity-underline inline cursor-pointer align-baseline\"><span class=\"whitespace-normal\">Carex arenaria<\/span><\/span><\/strong>, conocida como <strong data-start=\"60\" data-end=\"85\">Zarzaparrilla alemana<\/strong>, es una planta herb\u00e1cea perenne de crecimiento rastrero que se desarrolla especialmente en suelos arenosos. Forma densas matas con hojas largas y estrechas, y es muy resistente a la sequ\u00eda y a condiciones costeras. Se utiliza en jardiner\u00eda para fijaci\u00f3n de dunas y como cobertura vegetal.<\/p>\n","protected":false},"excerpt":{"rendered":"<p>La Carex arenaria, conocida como Zarzaparrilla alemana, es una planta herb\u00e1cea perenne de crecimiento rastrero que se desarrolla especialmente en suelos arenosos. Forma densas matas con hojas largas y estrechas, y es muy resistente a la sequ\u00eda y a condiciones costeras. Se utiliza en jardiner\u00eda para fijaci\u00f3n de dunas y como cobertura vegetal.<\/p>\n","protected":false},"featured_media":957,"comment_status":"open","ping_status":"closed","template":"","meta":{"_et_pb_use_builder":"","_et_pb_old_content":"","_et_gb_content_width":""},"product_brand":[],"product_cat":[15],"product_tag":[],"class_list":{"0":"post-925","1":"product","2":"type-product","3":"status-publish","4":"has-post-thumbnail","6":"product_cat-sin-categorizar","8":"first","9":"instock","10":"shipping-taxable","11":"purchasable","12":"product-type-simple"},"jetpack_sharing_enabled":true,"_links":{"self":[{"href":"https:\/\/botalico.com\/index.php\/wp-json\/wp\/v2\/product\/925","targetHints":{"allow":["GET"]}}],"collection":[{"href":"https:\/\/botalico.com\/index.php\/wp-json\/wp\/v2\/product"}],"about":[{"href":"https:\/\/botalico.com\/index.php\/wp-json\/wp\/v2\/types\/product"}],"replies":[{"embeddable":true,"href":"https:\/\/botalico.com\/index.php\/wp-json\/wp\/v2\/comments?post=925"}],"wp:featuredmedia":[{"embeddable":true,"href":"https:\/\/botalico.com\/index.php\/wp-json\/wp\/v2\/media\/957"}],"wp:attachment":[{"href":"https:\/\/botalico.com\/index.php\/wp-json\/wp\/v2\/media?parent=925"}],"wp:term":[{"taxonomy":"product_brand","embeddable":true,"href":"https:\/\/botalico.com\/index.php\/wp-json\/wp\/v2\/product_brand?post=925"},{"taxonomy":"product_cat","embeddable":true,"href":"https:\/\/botalico.com\/index.php\/wp-json\/wp\/v2\/product_cat?post=925"},{"taxonomy":"product_tag","embeddable":true,"href":"https:\/\/botalico.com\/index.php\/wp-json\/wp\/v2\/product_tag?post=925"}],"curies":[{"name":"wp","href":"https:\/\/api.w.org\/{rel}","templated":true}]}}