{"id":922,"date":"2026-02-26T11:46:43","date_gmt":"2026-02-26T11:46:43","guid":{"rendered":"https:\/\/botalico.com\/?post_type=product&#038;p=922"},"modified":"2026-02-26T12:10:08","modified_gmt":"2026-02-26T12:10:08","slug":"planta-de-zanahoria-silvestre-daucus-carota","status":"publish","type":"product","link":"https:\/\/botalico.com\/index.php\/producto\/planta-de-zanahoria-silvestre-daucus-carota\/","title":{"rendered":"Planta de Zanahoria silvestre | Daucus carota"},"content":{"rendered":"<p>La <strong data-start=\"102\" data-end=\"125\">Zanahoria silvestre<\/strong> (<em data-start=\"127\" data-end=\"142\">Daucus carota<\/em>) es una planta herb\u00e1cea bienal que se caracteriza por sus <strong data-start=\"201\" data-end=\"240\">flores blancas agrupadas en umbelas<\/strong> y hojas finamente divididas. Su ra\u00edz es comestible pero m\u00e1s fibrosa que la zanahoria cultivada.<\/p>\n","protected":false},"excerpt":{"rendered":"<p>La Zanahoria silvestre (Daucus carota) es una planta herb\u00e1cea bienal que se caracteriza por sus flores blancas agrupadas en umbelas y hojas finamente divididas. Su ra\u00edz es comestible pero m\u00e1s fibrosa que la zanahoria cultivada.<\/p>\n","protected":false},"featured_media":966,"comment_status":"open","ping_status":"closed","template":"","meta":{"_et_pb_use_builder":"","_et_pb_old_content":"","_et_gb_content_width":""},"product_brand":[],"product_cat":[15],"product_tag":[],"class_list":{"0":"post-922","1":"product","2":"type-product","3":"status-publish","4":"has-post-thumbnail","6":"product_cat-sin-categorizar","8":"first","9":"instock","10":"shipping-taxable","11":"purchasable","12":"product-type-simple"},"jetpack_sharing_enabled":true,"_links":{"self":[{"href":"https:\/\/botalico.com\/index.php\/wp-json\/wp\/v2\/product\/922","targetHints":{"allow":["GET"]}}],"collection":[{"href":"https:\/\/botalico.com\/index.php\/wp-json\/wp\/v2\/product"}],"about":[{"href":"https:\/\/botalico.com\/index.php\/wp-json\/wp\/v2\/types\/product"}],"replies":[{"embeddable":true,"href":"https:\/\/botalico.com\/index.php\/wp-json\/wp\/v2\/comments?post=922"}],"wp:featuredmedia":[{"embeddable":true,"href":"https:\/\/botalico.com\/index.php\/wp-json\/wp\/v2\/media\/966"}],"wp:attachment":[{"href":"https:\/\/botalico.com\/index.php\/wp-json\/wp\/v2\/media?parent=922"}],"wp:term":[{"taxonomy":"product_brand","embeddable":true,"href":"https:\/\/botalico.com\/index.php\/wp-json\/wp\/v2\/product_brand?post=922"},{"taxonomy":"product_cat","embeddable":true,"href":"https:\/\/botalico.com\/index.php\/wp-json\/wp\/v2\/product_cat?post=922"},{"taxonomy":"product_tag","embeddable":true,"href":"https:\/\/botalico.com\/index.php\/wp-json\/wp\/v2\/product_tag?post=922"}],"curies":[{"name":"wp","href":"https:\/\/api.w.org\/{rel}","templated":true}]}}