{"id":918,"date":"2026-02-26T11:46:42","date_gmt":"2026-02-26T11:46:42","guid":{"rendered":"https:\/\/botalico.com\/?post_type=product&#038;p=918"},"modified":"2026-02-26T12:16:19","modified_gmt":"2026-02-26T12:16:19","slug":"planta-de-zaharena-sideritis-hirsuta","status":"publish","type":"product","link":"https:\/\/botalico.com\/index.php\/producto\/planta-de-zaharena-sideritis-hirsuta\/","title":{"rendered":"Planta de Zahare\u00f1a | Sideritis hirsuta"},"content":{"rendered":"<p>La <strong data-start=\"95\" data-end=\"107\">Zahare\u00f1a<\/strong> (<em data-start=\"109\" data-end=\"128\">Sideritis hirsuta<\/em>) es una planta herb\u00e1cea perenne, t\u00edpica de zonas rocosas y soleadas del Mediterr\u00e1neo. Presenta <strong data-start=\"224\" data-end=\"270\">tallos y hojas cubiertos de peque\u00f1os pelos<\/strong> y produce flores amarillentas o verdosas en verano.<\/p>\n","protected":false},"excerpt":{"rendered":"<p>La Zahare\u00f1a (Sideritis hirsuta) es una planta herb\u00e1cea perenne, t\u00edpica de zonas rocosas y soleadas del Mediterr\u00e1neo. Presenta tallos y hojas cubiertos de peque\u00f1os pelos y produce flores amarillentas o verdosas en verano.<\/p>\n","protected":false},"featured_media":973,"comment_status":"open","ping_status":"closed","template":"","meta":{"_et_pb_use_builder":"","_et_pb_old_content":"","_et_gb_content_width":""},"product_brand":[],"product_cat":[15],"product_tag":[],"class_list":{"0":"post-918","1":"product","2":"type-product","3":"status-publish","4":"has-post-thumbnail","6":"product_cat-sin-categorizar","8":"first","9":"instock","10":"shipping-taxable","11":"purchasable","12":"product-type-simple"},"jetpack_sharing_enabled":true,"_links":{"self":[{"href":"https:\/\/botalico.com\/index.php\/wp-json\/wp\/v2\/product\/918","targetHints":{"allow":["GET"]}}],"collection":[{"href":"https:\/\/botalico.com\/index.php\/wp-json\/wp\/v2\/product"}],"about":[{"href":"https:\/\/botalico.com\/index.php\/wp-json\/wp\/v2\/types\/product"}],"replies":[{"embeddable":true,"href":"https:\/\/botalico.com\/index.php\/wp-json\/wp\/v2\/comments?post=918"}],"wp:featuredmedia":[{"embeddable":true,"href":"https:\/\/botalico.com\/index.php\/wp-json\/wp\/v2\/media\/973"}],"wp:attachment":[{"href":"https:\/\/botalico.com\/index.php\/wp-json\/wp\/v2\/media?parent=918"}],"wp:term":[{"taxonomy":"product_brand","embeddable":true,"href":"https:\/\/botalico.com\/index.php\/wp-json\/wp\/v2\/product_brand?post=918"},{"taxonomy":"product_cat","embeddable":true,"href":"https:\/\/botalico.com\/index.php\/wp-json\/wp\/v2\/product_cat?post=918"},{"taxonomy":"product_tag","embeddable":true,"href":"https:\/\/botalico.com\/index.php\/wp-json\/wp\/v2\/product_tag?post=918"}],"curies":[{"name":"wp","href":"https:\/\/api.w.org\/{rel}","templated":true}]}}