{"id":917,"date":"2026-02-26T11:46:42","date_gmt":"2026-02-26T11:46:42","guid":{"rendered":"https:\/\/botalico.com\/?post_type=product&#038;p=917"},"modified":"2026-02-26T12:15:04","modified_gmt":"2026-02-26T12:15:04","slug":"planta-de-zaharena-sideritis-angustifolia","status":"publish","type":"product","link":"https:\/\/botalico.com\/index.php\/producto\/planta-de-zaharena-sideritis-angustifolia\/","title":{"rendered":"Planta de Zahare\u00f1a | Sideritis angustifolia"},"content":{"rendered":"<p>La <strong data-start=\"100\" data-end=\"112\">Zahare\u00f1a<\/strong> (<em data-start=\"114\" data-end=\"138\">Sideritis angustifolia<\/em>) es una planta herb\u00e1cea perenne, t\u00edpica de zonas mediterr\u00e1neas rocosas y soleadas. Sus <strong data-start=\"226\" data-end=\"258\">hojas estrechas y arom\u00e1ticas<\/strong> se usan en infusiones tradicionales, y produce peque\u00f1as flores amarillas o verdosas en verano.<\/p>\n","protected":false},"excerpt":{"rendered":"<p>La Zahare\u00f1a (Sideritis angustifolia) es una planta herb\u00e1cea perenne, t\u00edpica de zonas mediterr\u00e1neas rocosas y soleadas. Sus hojas estrechas y arom\u00e1ticas se usan en infusiones tradicionales, y produce peque\u00f1as flores amarillas o verdosas en verano.<\/p>\n","protected":false},"featured_media":972,"comment_status":"open","ping_status":"closed","template":"","meta":{"_et_pb_use_builder":"","_et_pb_old_content":"","_et_gb_content_width":""},"product_brand":[],"product_cat":[15],"product_tag":[],"class_list":{"0":"post-917","1":"product","2":"type-product","3":"status-publish","4":"has-post-thumbnail","6":"product_cat-sin-categorizar","8":"first","9":"instock","10":"shipping-taxable","11":"purchasable","12":"product-type-simple"},"jetpack_sharing_enabled":true,"_links":{"self":[{"href":"https:\/\/botalico.com\/index.php\/wp-json\/wp\/v2\/product\/917","targetHints":{"allow":["GET"]}}],"collection":[{"href":"https:\/\/botalico.com\/index.php\/wp-json\/wp\/v2\/product"}],"about":[{"href":"https:\/\/botalico.com\/index.php\/wp-json\/wp\/v2\/types\/product"}],"replies":[{"embeddable":true,"href":"https:\/\/botalico.com\/index.php\/wp-json\/wp\/v2\/comments?post=917"}],"wp:featuredmedia":[{"embeddable":true,"href":"https:\/\/botalico.com\/index.php\/wp-json\/wp\/v2\/media\/972"}],"wp:attachment":[{"href":"https:\/\/botalico.com\/index.php\/wp-json\/wp\/v2\/media?parent=917"}],"wp:term":[{"taxonomy":"product_brand","embeddable":true,"href":"https:\/\/botalico.com\/index.php\/wp-json\/wp\/v2\/product_brand?post=917"},{"taxonomy":"product_cat","embeddable":true,"href":"https:\/\/botalico.com\/index.php\/wp-json\/wp\/v2\/product_cat?post=917"},{"taxonomy":"product_tag","embeddable":true,"href":"https:\/\/botalico.com\/index.php\/wp-json\/wp\/v2\/product_tag?post=917"}],"curies":[{"name":"wp","href":"https:\/\/api.w.org\/{rel}","templated":true}]}}