{"id":916,"date":"2026-02-26T11:46:42","date_gmt":"2026-02-26T11:46:42","guid":{"rendered":"https:\/\/botalico.com\/?post_type=product&#038;p=916"},"modified":"2026-02-26T12:13:44","modified_gmt":"2026-02-26T12:13:44","slug":"planta-de-zagate-de-cresta-koeleria-pyramidata","status":"publish","type":"product","link":"https:\/\/botalico.com\/index.php\/producto\/planta-de-zagate-de-cresta-koeleria-pyramidata\/","title":{"rendered":"Planta de Zagate de cresta | Koeleria pyramidata"},"content":{"rendered":"<p>La <strong data-start=\"105\" data-end=\"125\">Zagate de cresta<\/strong> (<em data-start=\"127\" data-end=\"148\">Koeleria pyramidata<\/em>) es una <strong data-start=\"157\" data-end=\"184\">planta herb\u00e1cea perenne<\/strong> de tipo c\u00e9sped ornamental. Presenta <strong data-start=\"221\" data-end=\"248\">tallos finos y erguidos<\/strong> con inflorescencias en forma de pan\u00edcula piramidal y hojas verdes estrechas.<\/p>\n","protected":false},"excerpt":{"rendered":"<p>La Zagate de cresta (Koeleria pyramidata) es una planta herb\u00e1cea perenne de tipo c\u00e9sped ornamental. Presenta tallos finos y erguidos con inflorescencias en forma de pan\u00edcula piramidal y hojas verdes estrechas.<\/p>\n","protected":false},"featured_media":971,"comment_status":"open","ping_status":"closed","template":"","meta":{"_et_pb_use_builder":"","_et_pb_old_content":"","_et_gb_content_width":""},"product_brand":[],"product_cat":[15],"product_tag":[],"class_list":{"0":"post-916","1":"product","2":"type-product","3":"status-publish","4":"has-post-thumbnail","6":"product_cat-sin-categorizar","8":"first","9":"instock","10":"shipping-taxable","11":"purchasable","12":"product-type-simple"},"jetpack_sharing_enabled":true,"_links":{"self":[{"href":"https:\/\/botalico.com\/index.php\/wp-json\/wp\/v2\/product\/916","targetHints":{"allow":["GET"]}}],"collection":[{"href":"https:\/\/botalico.com\/index.php\/wp-json\/wp\/v2\/product"}],"about":[{"href":"https:\/\/botalico.com\/index.php\/wp-json\/wp\/v2\/types\/product"}],"replies":[{"embeddable":true,"href":"https:\/\/botalico.com\/index.php\/wp-json\/wp\/v2\/comments?post=916"}],"wp:featuredmedia":[{"embeddable":true,"href":"https:\/\/botalico.com\/index.php\/wp-json\/wp\/v2\/media\/971"}],"wp:attachment":[{"href":"https:\/\/botalico.com\/index.php\/wp-json\/wp\/v2\/media?parent=916"}],"wp:term":[{"taxonomy":"product_brand","embeddable":true,"href":"https:\/\/botalico.com\/index.php\/wp-json\/wp\/v2\/product_brand?post=916"},{"taxonomy":"product_cat","embeddable":true,"href":"https:\/\/botalico.com\/index.php\/wp-json\/wp\/v2\/product_cat?post=916"},{"taxonomy":"product_tag","embeddable":true,"href":"https:\/\/botalico.com\/index.php\/wp-json\/wp\/v2\/product_tag?post=916"}],"curies":[{"name":"wp","href":"https:\/\/api.w.org\/{rel}","templated":true}]}}