{"id":915,"date":"2026-02-26T11:46:42","date_gmt":"2026-02-26T11:46:42","guid":{"rendered":"https:\/\/botalico.com\/?post_type=product&#038;p=915"},"modified":"2026-03-05T08:16:22","modified_gmt":"2026-03-05T08:16:22","slug":"planta-de-yezguera-de-roca-phagnalon-saxatile","status":"publish","type":"product","link":"https:\/\/botalico.com\/index.php\/producto\/planta-de-yezguera-de-roca-phagnalon-saxatile\/","title":{"rendered":"Planta de Yezguera de roca | Phagnalon saxatile"},"content":{"rendered":"<p>La <strong data-start=\"102\" data-end=\"122\">Yezguera de roca<\/strong> (<em data-start=\"124\" data-end=\"144\">Phagnalon saxatile<\/em>) es una peque\u00f1a planta perenne que suele crecer en <strong data-start=\"196\" data-end=\"221\">zonas rocosas y secas<\/strong> del \u00e1rea mediterr\u00e1nea. Tiene <strong data-start=\"251\" data-end=\"292\">hojas estrechas de color gris verdoso<\/strong> y peque\u00f1as flores amarillas.<\/p>\n","protected":false},"excerpt":{"rendered":"<p>La Yezguera de roca (Phagnalon saxatile) es una peque\u00f1a planta perenne que suele crecer en zonas rocosas y secas del \u00e1rea mediterr\u00e1nea. Tiene hojas estrechas de color gris verdoso y peque\u00f1as flores amarillas.<\/p>\n","protected":false},"featured_media":986,"comment_status":"open","ping_status":"closed","template":"","meta":{"_et_pb_use_builder":"","_et_pb_old_content":"","_et_gb_content_width":""},"product_brand":[],"product_cat":[15],"product_tag":[],"class_list":{"0":"post-915","1":"product","2":"type-product","3":"status-publish","4":"has-post-thumbnail","6":"product_cat-sin-categorizar","8":"first","9":"instock","10":"shipping-taxable","11":"purchasable","12":"product-type-simple"},"jetpack_sharing_enabled":true,"_links":{"self":[{"href":"https:\/\/botalico.com\/index.php\/wp-json\/wp\/v2\/product\/915","targetHints":{"allow":["GET"]}}],"collection":[{"href":"https:\/\/botalico.com\/index.php\/wp-json\/wp\/v2\/product"}],"about":[{"href":"https:\/\/botalico.com\/index.php\/wp-json\/wp\/v2\/types\/product"}],"replies":[{"embeddable":true,"href":"https:\/\/botalico.com\/index.php\/wp-json\/wp\/v2\/comments?post=915"}],"wp:featuredmedia":[{"embeddable":true,"href":"https:\/\/botalico.com\/index.php\/wp-json\/wp\/v2\/media\/986"}],"wp:attachment":[{"href":"https:\/\/botalico.com\/index.php\/wp-json\/wp\/v2\/media?parent=915"}],"wp:term":[{"taxonomy":"product_brand","embeddable":true,"href":"https:\/\/botalico.com\/index.php\/wp-json\/wp\/v2\/product_brand?post=915"},{"taxonomy":"product_cat","embeddable":true,"href":"https:\/\/botalico.com\/index.php\/wp-json\/wp\/v2\/product_cat?post=915"},{"taxonomy":"product_tag","embeddable":true,"href":"https:\/\/botalico.com\/index.php\/wp-json\/wp\/v2\/product_tag?post=915"}],"curies":[{"name":"wp","href":"https:\/\/api.w.org\/{rel}","templated":true}]}}