{"id":912,"date":"2026-02-26T11:46:41","date_gmt":"2026-02-26T11:46:41","guid":{"rendered":"https:\/\/botalico.com\/?post_type=product&#038;p=912"},"modified":"2026-03-05T10:11:21","modified_gmt":"2026-03-05T10:11:21","slug":"planta-de-vivorera-gigante-echium-boissieris","status":"publish","type":"product","link":"https:\/\/botalico.com\/index.php\/producto\/planta-de-vivorera-gigante-echium-boissieris\/","title":{"rendered":"Planta de Vivorera gigante | Echium boissieris"},"content":{"rendered":"<p>Es una planta herb\u00e1cea alta y llamativa que puede superar el metro de altura. Presenta largas espigas llenas de flores rosadas o p\u00farpuras y hojas \u00e1speras cubiertas de peque\u00f1os pelos. Crece en zonas secas y soleadas del Mediterr\u00e1neo y es muy apreciada por los insectos polinizadores.<\/p>\n","protected":false},"excerpt":{"rendered":"<p>Es una planta herb\u00e1cea alta y llamativa que puede superar el metro de altura. Presenta largas espigas llenas de flores rosadas o p\u00farpuras y hojas \u00e1speras cubiertas de peque\u00f1os pelos. Crece en zonas secas y soleadas del Mediterr\u00e1neo y es muy apreciada por los insectos polinizadores.<\/p>\n","protected":false},"featured_media":1004,"comment_status":"open","ping_status":"closed","template":"","meta":{"_et_pb_use_builder":"","_et_pb_old_content":"","_et_gb_content_width":""},"product_brand":[],"product_cat":[15],"product_tag":[],"class_list":{"0":"post-912","1":"product","2":"type-product","3":"status-publish","4":"has-post-thumbnail","6":"product_cat-sin-categorizar","8":"first","9":"instock","10":"shipping-taxable","11":"purchasable","12":"product-type-simple"},"jetpack_sharing_enabled":true,"_links":{"self":[{"href":"https:\/\/botalico.com\/index.php\/wp-json\/wp\/v2\/product\/912","targetHints":{"allow":["GET"]}}],"collection":[{"href":"https:\/\/botalico.com\/index.php\/wp-json\/wp\/v2\/product"}],"about":[{"href":"https:\/\/botalico.com\/index.php\/wp-json\/wp\/v2\/types\/product"}],"replies":[{"embeddable":true,"href":"https:\/\/botalico.com\/index.php\/wp-json\/wp\/v2\/comments?post=912"}],"wp:featuredmedia":[{"embeddable":true,"href":"https:\/\/botalico.com\/index.php\/wp-json\/wp\/v2\/media\/1004"}],"wp:attachment":[{"href":"https:\/\/botalico.com\/index.php\/wp-json\/wp\/v2\/media?parent=912"}],"wp:term":[{"taxonomy":"product_brand","embeddable":true,"href":"https:\/\/botalico.com\/index.php\/wp-json\/wp\/v2\/product_brand?post=912"},{"taxonomy":"product_cat","embeddable":true,"href":"https:\/\/botalico.com\/index.php\/wp-json\/wp\/v2\/product_cat?post=912"},{"taxonomy":"product_tag","embeddable":true,"href":"https:\/\/botalico.com\/index.php\/wp-json\/wp\/v2\/product_tag?post=912"}],"curies":[{"name":"wp","href":"https:\/\/api.w.org\/{rel}","templated":true}]}}