{"id":910,"date":"2026-02-26T11:46:41","date_gmt":"2026-02-26T11:46:41","guid":{"rendered":"https:\/\/botalico.com\/?post_type=product&#038;p=910"},"modified":"2026-03-05T11:13:08","modified_gmt":"2026-03-05T11:13:08","slug":"planta-de-veza-vicia-villosa","status":"publish","type":"product","link":"https:\/\/botalico.com\/index.php\/producto\/planta-de-veza-vicia-villosa\/","title":{"rendered":"Planta de Veza | Vicia villosa"},"content":{"rendered":"<div class=\"relative overflow-hidden transition-[max-height,opacity] duration-300 ease-out mt-1 mb-5 [&amp;:not(:first-child)]:mt-4\" aria-hidden=\"false\">\n<div>\n<div class=\"no-scrollbar flex min-h-36 flex-nowrap gap-0.5 overflow-auto sm:gap-1 sm:overflow-hidden xl:min-h-44\">\n<div class=\"border-token-border-default relative w-32 shrink-0 overflow-hidden rounded-xl border-[0.5px] md:shrink max-h-64 sm:w-[calc((100%-0.5rem)\/3)] rounded-e-xl\">\n<div class=\"group\/search-image @container\/search-image relative rounded-[inherit] h-full w-full\"><\/div>\n<\/div>\n<\/div>\n<\/div>\n<div class=\"pointer-events-none absolute inset-x-0 bottom-0 z-10 h-12 bg-gradient-to-b from-transparent via-token-bg-primary\/80 to-token-bg-primary transition-opacity duration-300 ease-out opacity-0 delay-200\" aria-hidden=\"true\"><\/div>\n<\/div>\n<p data-start=\"84\" data-end=\"350\">La <strong data-start=\"87\" data-end=\"95\">Veza<\/strong> (<em data-start=\"97\" data-end=\"112\">Vicia villosa<\/em>) es una planta <strong data-start=\"128\" data-end=\"150\">herb\u00e1cea trepadora<\/strong> de crecimiento r\u00e1pido, con hojas compuestas y peque\u00f1as flores moradas o lilas. Es muy utilizada como <strong data-start=\"252\" data-end=\"272\">cubierta vegetal<\/strong> y para mejorar la fertilidad del suelo por su capacidad de fijar nitr\u00f3geno.<\/p>\n","protected":false},"excerpt":{"rendered":"<p>La Veza (Vicia villosa) es una planta herb\u00e1cea trepadora de crecimiento r\u00e1pido, con hojas compuestas y peque\u00f1as flores moradas o lilas. Es muy utilizada como cubierta vegetal y para mejorar la fertilidad del suelo por su capacidad de fijar nitr\u00f3geno.<\/p>\n","protected":false},"featured_media":1009,"comment_status":"open","ping_status":"closed","template":"","meta":{"_et_pb_use_builder":"","_et_pb_old_content":"","_et_gb_content_width":""},"product_brand":[],"product_cat":[15],"product_tag":[],"class_list":{"0":"post-910","1":"product","2":"type-product","3":"status-publish","4":"has-post-thumbnail","6":"product_cat-sin-categorizar","8":"first","9":"instock","10":"shipping-taxable","11":"purchasable","12":"product-type-simple"},"jetpack_sharing_enabled":true,"_links":{"self":[{"href":"https:\/\/botalico.com\/index.php\/wp-json\/wp\/v2\/product\/910","targetHints":{"allow":["GET"]}}],"collection":[{"href":"https:\/\/botalico.com\/index.php\/wp-json\/wp\/v2\/product"}],"about":[{"href":"https:\/\/botalico.com\/index.php\/wp-json\/wp\/v2\/types\/product"}],"replies":[{"embeddable":true,"href":"https:\/\/botalico.com\/index.php\/wp-json\/wp\/v2\/comments?post=910"}],"wp:featuredmedia":[{"embeddable":true,"href":"https:\/\/botalico.com\/index.php\/wp-json\/wp\/v2\/media\/1009"}],"wp:attachment":[{"href":"https:\/\/botalico.com\/index.php\/wp-json\/wp\/v2\/media?parent=910"}],"wp:term":[{"taxonomy":"product_brand","embeddable":true,"href":"https:\/\/botalico.com\/index.php\/wp-json\/wp\/v2\/product_brand?post=910"},{"taxonomy":"product_cat","embeddable":true,"href":"https:\/\/botalico.com\/index.php\/wp-json\/wp\/v2\/product_cat?post=910"},{"taxonomy":"product_tag","embeddable":true,"href":"https:\/\/botalico.com\/index.php\/wp-json\/wp\/v2\/product_tag?post=910"}],"curies":[{"name":"wp","href":"https:\/\/api.w.org\/{rel}","templated":true}]}}