{"id":907,"date":"2026-02-26T11:46:40","date_gmt":"2026-02-26T11:46:40","guid":{"rendered":"https:\/\/botalico.com\/?post_type=product&#038;p=907"},"modified":"2026-03-11T10:20:26","modified_gmt":"2026-03-11T10:20:26","slug":"planta-de-veronica-veronica-chamaedrys","status":"publish","type":"product","link":"https:\/\/botalico.com\/index.php\/producto\/planta-de-veronica-veronica-chamaedrys\/","title":{"rendered":"Planta de Veronica | Veronica chamaedrys"},"content":{"rendered":"<p>La <strong data-start=\"95\" data-end=\"107\">Ver\u00f3nica<\/strong> (<em data-start=\"109\" data-end=\"130\">Veronica chamaedrys<\/em>) es una <strong data-start=\"139\" data-end=\"166\">planta herb\u00e1cea perenne<\/strong> de peque\u00f1o tama\u00f1o. Se caracteriza por sus <strong data-start=\"209\" data-end=\"253\">flores azules intensas con centro blanco<\/strong>, que aparecen principalmente en primavera.<\/p>\n","protected":false},"excerpt":{"rendered":"<p>La Ver\u00f3nica (Veronica chamaedrys) es una planta herb\u00e1cea perenne de peque\u00f1o tama\u00f1o. Se caracteriza por sus flores azules intensas con centro blanco, que aparecen principalmente en primavera.<\/p>\n","protected":false},"featured_media":1014,"comment_status":"open","ping_status":"closed","template":"","meta":{"_et_pb_use_builder":"","_et_pb_old_content":"","_et_gb_content_width":""},"product_brand":[],"product_cat":[15],"product_tag":[],"class_list":{"0":"post-907","1":"product","2":"type-product","3":"status-publish","4":"has-post-thumbnail","6":"product_cat-sin-categorizar","8":"first","9":"instock","10":"shipping-taxable","11":"purchasable","12":"product-type-simple"},"jetpack_sharing_enabled":true,"_links":{"self":[{"href":"https:\/\/botalico.com\/index.php\/wp-json\/wp\/v2\/product\/907","targetHints":{"allow":["GET"]}}],"collection":[{"href":"https:\/\/botalico.com\/index.php\/wp-json\/wp\/v2\/product"}],"about":[{"href":"https:\/\/botalico.com\/index.php\/wp-json\/wp\/v2\/types\/product"}],"replies":[{"embeddable":true,"href":"https:\/\/botalico.com\/index.php\/wp-json\/wp\/v2\/comments?post=907"}],"wp:featuredmedia":[{"embeddable":true,"href":"https:\/\/botalico.com\/index.php\/wp-json\/wp\/v2\/media\/1014"}],"wp:attachment":[{"href":"https:\/\/botalico.com\/index.php\/wp-json\/wp\/v2\/media?parent=907"}],"wp:term":[{"taxonomy":"product_brand","embeddable":true,"href":"https:\/\/botalico.com\/index.php\/wp-json\/wp\/v2\/product_brand?post=907"},{"taxonomy":"product_cat","embeddable":true,"href":"https:\/\/botalico.com\/index.php\/wp-json\/wp\/v2\/product_cat?post=907"},{"taxonomy":"product_tag","embeddable":true,"href":"https:\/\/botalico.com\/index.php\/wp-json\/wp\/v2\/product_tag?post=907"}],"curies":[{"name":"wp","href":"https:\/\/api.w.org\/{rel}","templated":true}]}}