{"id":906,"date":"2026-02-26T11:46:40","date_gmt":"2026-02-26T11:46:40","guid":{"rendered":"https:\/\/botalico.com\/?post_type=product&#038;p=906"},"modified":"2026-03-12T07:54:15","modified_gmt":"2026-03-12T07:54:15","slug":"planta-de-verdolaga-seca-limoniastrum-monopetalum","status":"publish","type":"product","link":"https:\/\/botalico.com\/index.php\/producto\/planta-de-verdolaga-seca-limoniastrum-monopetalum\/","title":{"rendered":"Planta de Verdolaga seca | Limoniastrum monopetalum"},"content":{"rendered":"<p>La <strong data-start=\"106\" data-end=\"124\">Verdolaga seca<\/strong> (<em data-start=\"126\" data-end=\"152\">Limoniastrum monopetalum<\/em>) es un <strong data-start=\"160\" data-end=\"179\">arbusto perenne<\/strong> t\u00edpico de zonas costeras y salinas. Tiene <strong data-start=\"222\" data-end=\"264\">hojas peque\u00f1as de color verde gris\u00e1ceo<\/strong> y produce <strong data-start=\"275\" data-end=\"305\">flores rosadas o viol\u00e1ceas<\/strong> muy decorativas.<\/p>\n","protected":false},"excerpt":{"rendered":"<p>La Verdolaga seca (Limoniastrum monopetalum) es un arbusto perenne t\u00edpico de zonas costeras y salinas. Tiene hojas peque\u00f1as de color verde gris\u00e1ceo y produce flores rosadas o viol\u00e1ceas muy decorativas.<\/p>\n","protected":false},"featured_media":1023,"comment_status":"open","ping_status":"closed","template":"","meta":{"_et_pb_use_builder":"","_et_pb_old_content":"","_et_gb_content_width":""},"product_brand":[],"product_cat":[15],"product_tag":[],"class_list":{"0":"post-906","1":"product","2":"type-product","3":"status-publish","4":"has-post-thumbnail","6":"product_cat-sin-categorizar","8":"first","9":"instock","10":"shipping-taxable","11":"purchasable","12":"product-type-simple"},"jetpack_sharing_enabled":true,"_links":{"self":[{"href":"https:\/\/botalico.com\/index.php\/wp-json\/wp\/v2\/product\/906","targetHints":{"allow":["GET"]}}],"collection":[{"href":"https:\/\/botalico.com\/index.php\/wp-json\/wp\/v2\/product"}],"about":[{"href":"https:\/\/botalico.com\/index.php\/wp-json\/wp\/v2\/types\/product"}],"replies":[{"embeddable":true,"href":"https:\/\/botalico.com\/index.php\/wp-json\/wp\/v2\/comments?post=906"}],"wp:featuredmedia":[{"embeddable":true,"href":"https:\/\/botalico.com\/index.php\/wp-json\/wp\/v2\/media\/1023"}],"wp:attachment":[{"href":"https:\/\/botalico.com\/index.php\/wp-json\/wp\/v2\/media?parent=906"}],"wp:term":[{"taxonomy":"product_brand","embeddable":true,"href":"https:\/\/botalico.com\/index.php\/wp-json\/wp\/v2\/product_brand?post=906"},{"taxonomy":"product_cat","embeddable":true,"href":"https:\/\/botalico.com\/index.php\/wp-json\/wp\/v2\/product_cat?post=906"},{"taxonomy":"product_tag","embeddable":true,"href":"https:\/\/botalico.com\/index.php\/wp-json\/wp\/v2\/product_tag?post=906"}],"curies":[{"name":"wp","href":"https:\/\/api.w.org\/{rel}","templated":true}]}}