{"id":905,"date":"2026-02-26T11:46:40","date_gmt":"2026-02-26T11:46:40","guid":{"rendered":"https:\/\/botalico.com\/?post_type=product&#038;p=905"},"modified":"2026-03-11T10:37:57","modified_gmt":"2026-03-11T10:37:57","slug":"planta-de-verdolaga-marina-halimione-portulacoides","status":"publish","type":"product","link":"https:\/\/botalico.com\/index.php\/producto\/planta-de-verdolaga-marina-halimione-portulacoides\/","title":{"rendered":"Planta de Verdolaga marina | Halimione portulacoides"},"content":{"rendered":"<p>La <strong data-start=\"107\" data-end=\"127\">Verdolaga marina<\/strong> (<em data-start=\"129\" data-end=\"154\">Halimione portulacoides<\/em>) es un <strong data-start=\"162\" data-end=\"191\">arbusto peque\u00f1o y perenne<\/strong> que crece en zonas costeras y salinas. Tiene <strong data-start=\"237\" data-end=\"279\">hojas carnosas de color verde gris\u00e1ceo<\/strong> que le ayudan a resistir la sal y la sequ\u00eda.<\/p>\n","protected":false},"excerpt":{"rendered":"<p>La Verdolaga marina (Halimione portulacoides) es un arbusto peque\u00f1o y perenne que crece en zonas costeras y salinas. Tiene hojas carnosas de color verde gris\u00e1ceo que le ayudan a resistir la sal y la sequ\u00eda.<\/p>\n","protected":false},"featured_media":1020,"comment_status":"open","ping_status":"closed","template":"","meta":{"_et_pb_use_builder":"","_et_pb_old_content":"","_et_gb_content_width":""},"product_brand":[],"product_cat":[15],"product_tag":[],"class_list":{"0":"post-905","1":"product","2":"type-product","3":"status-publish","4":"has-post-thumbnail","6":"product_cat-sin-categorizar","8":"first","9":"instock","10":"shipping-taxable","11":"purchasable","12":"product-type-simple"},"jetpack_sharing_enabled":true,"_links":{"self":[{"href":"https:\/\/botalico.com\/index.php\/wp-json\/wp\/v2\/product\/905","targetHints":{"allow":["GET"]}}],"collection":[{"href":"https:\/\/botalico.com\/index.php\/wp-json\/wp\/v2\/product"}],"about":[{"href":"https:\/\/botalico.com\/index.php\/wp-json\/wp\/v2\/types\/product"}],"replies":[{"embeddable":true,"href":"https:\/\/botalico.com\/index.php\/wp-json\/wp\/v2\/comments?post=905"}],"wp:featuredmedia":[{"embeddable":true,"href":"https:\/\/botalico.com\/index.php\/wp-json\/wp\/v2\/media\/1020"}],"wp:attachment":[{"href":"https:\/\/botalico.com\/index.php\/wp-json\/wp\/v2\/media?parent=905"}],"wp:term":[{"taxonomy":"product_brand","embeddable":true,"href":"https:\/\/botalico.com\/index.php\/wp-json\/wp\/v2\/product_brand?post=905"},{"taxonomy":"product_cat","embeddable":true,"href":"https:\/\/botalico.com\/index.php\/wp-json\/wp\/v2\/product_cat?post=905"},{"taxonomy":"product_tag","embeddable":true,"href":"https:\/\/botalico.com\/index.php\/wp-json\/wp\/v2\/product_tag?post=905"}],"curies":[{"name":"wp","href":"https:\/\/api.w.org\/{rel}","templated":true}]}}