{"id":904,"date":"2026-02-26T11:46:40","date_gmt":"2026-02-26T11:46:40","guid":{"rendered":"https:\/\/botalico.com\/?post_type=product&#038;p=904"},"modified":"2026-03-11T10:33:07","modified_gmt":"2026-03-11T10:33:07","slug":"planta-de-verdolaga-portulaca-oleracea","status":"publish","type":"product","link":"https:\/\/botalico.com\/index.php\/producto\/planta-de-verdolaga-portulaca-oleracea\/","title":{"rendered":"Planta de Verdolaga | Portulaca oleracea"},"content":{"rendered":"<p>La <strong data-start=\"95\" data-end=\"108\">Verdolaga<\/strong> (<em data-start=\"110\" data-end=\"130\">Portulaca oleracea<\/em>) es una <strong data-start=\"139\" data-end=\"167\">planta herb\u00e1cea rastrera<\/strong> con tallos rojizos y <strong data-start=\"189\" data-end=\"207\">hojas carnosas<\/strong> que almacenan agua. Produce peque\u00f1as flores amarillas y crece f\u00e1cilmente en climas c\u00e1lidos.<\/p>\n","protected":false},"excerpt":{"rendered":"<p>La Verdolaga (Portulaca oleracea) es una planta herb\u00e1cea rastrera con tallos rojizos y hojas carnosas que almacenan agua. Produce peque\u00f1as flores amarillas y crece f\u00e1cilmente en climas c\u00e1lidos.<\/p>\n","protected":false},"featured_media":1018,"comment_status":"open","ping_status":"closed","template":"","meta":{"_et_pb_use_builder":"","_et_pb_old_content":"","_et_gb_content_width":""},"product_brand":[],"product_cat":[15],"product_tag":[],"class_list":{"0":"post-904","1":"product","2":"type-product","3":"status-publish","4":"has-post-thumbnail","6":"product_cat-sin-categorizar","8":"first","9":"instock","10":"shipping-taxable","11":"purchasable","12":"product-type-simple"},"jetpack_sharing_enabled":true,"_links":{"self":[{"href":"https:\/\/botalico.com\/index.php\/wp-json\/wp\/v2\/product\/904","targetHints":{"allow":["GET"]}}],"collection":[{"href":"https:\/\/botalico.com\/index.php\/wp-json\/wp\/v2\/product"}],"about":[{"href":"https:\/\/botalico.com\/index.php\/wp-json\/wp\/v2\/types\/product"}],"replies":[{"embeddable":true,"href":"https:\/\/botalico.com\/index.php\/wp-json\/wp\/v2\/comments?post=904"}],"wp:featuredmedia":[{"embeddable":true,"href":"https:\/\/botalico.com\/index.php\/wp-json\/wp\/v2\/media\/1018"}],"wp:attachment":[{"href":"https:\/\/botalico.com\/index.php\/wp-json\/wp\/v2\/media?parent=904"}],"wp:term":[{"taxonomy":"product_brand","embeddable":true,"href":"https:\/\/botalico.com\/index.php\/wp-json\/wp\/v2\/product_brand?post=904"},{"taxonomy":"product_cat","embeddable":true,"href":"https:\/\/botalico.com\/index.php\/wp-json\/wp\/v2\/product_cat?post=904"},{"taxonomy":"product_tag","embeddable":true,"href":"https:\/\/botalico.com\/index.php\/wp-json\/wp\/v2\/product_tag?post=904"}],"curies":[{"name":"wp","href":"https:\/\/api.w.org\/{rel}","templated":true}]}}