{"id":903,"date":"2026-02-26T11:46:39","date_gmt":"2026-02-26T11:46:39","guid":{"rendered":"https:\/\/botalico.com\/?post_type=product&#038;p=903"},"modified":"2026-03-12T08:10:20","modified_gmt":"2026-03-12T08:10:20","slug":"planta-de-verdolada-marina-halimione-portulacoides","status":"publish","type":"product","link":"https:\/\/botalico.com\/index.php\/producto\/planta-de-verdolada-marina-halimione-portulacoides\/","title":{"rendered":"Planta de Verdolada marina | Halimione portulacoides"},"content":{"rendered":"<p>La <strong data-start=\"107\" data-end=\"127\">Verdolaga marina<\/strong> (<em data-start=\"129\" data-end=\"154\">Halimione portulacoides<\/em>) es un <strong data-start=\"162\" data-end=\"191\">arbusto peque\u00f1o y perenne<\/strong> que crece en zonas costeras y salinas. Tiene <strong data-start=\"237\" data-end=\"279\">hojas carnosas de color verde gris\u00e1ceo<\/strong>, adaptadas para resistir la sal y la sequ\u00eda.<\/p>\n","protected":false},"excerpt":{"rendered":"<p>La Verdolaga marina (Halimione portulacoides) es un arbusto peque\u00f1o y perenne que crece en zonas costeras y salinas. Tiene hojas carnosas de color verde gris\u00e1ceo, adaptadas para resistir la sal y la sequ\u00eda.<\/p>\n","protected":false},"featured_media":1020,"comment_status":"open","ping_status":"closed","template":"","meta":{"_et_pb_use_builder":"","_et_pb_old_content":"","_et_gb_content_width":""},"product_brand":[],"product_cat":[15],"product_tag":[],"class_list":{"0":"post-903","1":"product","2":"type-product","3":"status-publish","4":"has-post-thumbnail","6":"product_cat-sin-categorizar","8":"first","9":"instock","10":"shipping-taxable","11":"purchasable","12":"product-type-simple"},"jetpack_sharing_enabled":true,"_links":{"self":[{"href":"https:\/\/botalico.com\/index.php\/wp-json\/wp\/v2\/product\/903","targetHints":{"allow":["GET"]}}],"collection":[{"href":"https:\/\/botalico.com\/index.php\/wp-json\/wp\/v2\/product"}],"about":[{"href":"https:\/\/botalico.com\/index.php\/wp-json\/wp\/v2\/types\/product"}],"replies":[{"embeddable":true,"href":"https:\/\/botalico.com\/index.php\/wp-json\/wp\/v2\/comments?post=903"}],"wp:featuredmedia":[{"embeddable":true,"href":"https:\/\/botalico.com\/index.php\/wp-json\/wp\/v2\/media\/1020"}],"wp:attachment":[{"href":"https:\/\/botalico.com\/index.php\/wp-json\/wp\/v2\/media?parent=903"}],"wp:term":[{"taxonomy":"product_brand","embeddable":true,"href":"https:\/\/botalico.com\/index.php\/wp-json\/wp\/v2\/product_brand?post=903"},{"taxonomy":"product_cat","embeddable":true,"href":"https:\/\/botalico.com\/index.php\/wp-json\/wp\/v2\/product_cat?post=903"},{"taxonomy":"product_tag","embeddable":true,"href":"https:\/\/botalico.com\/index.php\/wp-json\/wp\/v2\/product_tag?post=903"}],"curies":[{"name":"wp","href":"https:\/\/api.w.org\/{rel}","templated":true}]}}