{"id":902,"date":"2026-02-26T11:46:39","date_gmt":"2026-02-26T11:46:39","guid":{"rendered":"https:\/\/botalico.com\/?post_type=product&#038;p=902"},"modified":"2026-03-12T08:13:09","modified_gmt":"2026-03-12T08:13:09","slug":"planta-de-verbena-verbena-officinalis","status":"publish","type":"product","link":"https:\/\/botalico.com\/index.php\/producto\/planta-de-verbena-verbena-officinalis\/","title":{"rendered":"Planta de Verbena | Verbena officinalis"},"content":{"rendered":"<p>La <strong data-start=\"94\" data-end=\"105\">Verbena<\/strong> (<em data-start=\"107\" data-end=\"128\">Verbena officinalis<\/em>) es una <strong data-start=\"137\" data-end=\"164\">planta herb\u00e1cea perenne<\/strong> con tallos finos y <strong data-start=\"184\" data-end=\"221\">peque\u00f1as flores lilas o viol\u00e1ceas<\/strong> que aparecen en verano. Sus hojas son verdes y ligeramente dentadas.<\/p>\n","protected":false},"excerpt":{"rendered":"<p>La Verbena (Verbena officinalis) es una planta herb\u00e1cea perenne con tallos finos y peque\u00f1as flores lilas o viol\u00e1ceas que aparecen en verano. Sus hojas son verdes y ligeramente dentadas.<\/p>\n","protected":false},"featured_media":1025,"comment_status":"open","ping_status":"closed","template":"","meta":{"_et_pb_use_builder":"","_et_pb_old_content":"","_et_gb_content_width":""},"product_brand":[],"product_cat":[15],"product_tag":[],"class_list":{"0":"post-902","1":"product","2":"type-product","3":"status-publish","4":"has-post-thumbnail","6":"product_cat-sin-categorizar","8":"first","9":"instock","10":"shipping-taxable","11":"purchasable","12":"product-type-simple"},"jetpack_sharing_enabled":true,"_links":{"self":[{"href":"https:\/\/botalico.com\/index.php\/wp-json\/wp\/v2\/product\/902","targetHints":{"allow":["GET"]}}],"collection":[{"href":"https:\/\/botalico.com\/index.php\/wp-json\/wp\/v2\/product"}],"about":[{"href":"https:\/\/botalico.com\/index.php\/wp-json\/wp\/v2\/types\/product"}],"replies":[{"embeddable":true,"href":"https:\/\/botalico.com\/index.php\/wp-json\/wp\/v2\/comments?post=902"}],"wp:featuredmedia":[{"embeddable":true,"href":"https:\/\/botalico.com\/index.php\/wp-json\/wp\/v2\/media\/1025"}],"wp:attachment":[{"href":"https:\/\/botalico.com\/index.php\/wp-json\/wp\/v2\/media?parent=902"}],"wp:term":[{"taxonomy":"product_brand","embeddable":true,"href":"https:\/\/botalico.com\/index.php\/wp-json\/wp\/v2\/product_brand?post=902"},{"taxonomy":"product_cat","embeddable":true,"href":"https:\/\/botalico.com\/index.php\/wp-json\/wp\/v2\/product_cat?post=902"},{"taxonomy":"product_tag","embeddable":true,"href":"https:\/\/botalico.com\/index.php\/wp-json\/wp\/v2\/product_tag?post=902"}],"curies":[{"name":"wp","href":"https:\/\/api.w.org\/{rel}","templated":true}]}}