{"id":900,"date":"2026-02-26T11:46:39","date_gmt":"2026-02-26T11:46:39","guid":{"rendered":"https:\/\/botalico.com\/?post_type=product&#038;p=900"},"modified":"2026-03-12T08:31:21","modified_gmt":"2026-03-12T08:31:21","slug":"planta-de-vellosilla-hieracium-pilosella","status":"publish","type":"product","link":"https:\/\/botalico.com\/index.php\/producto\/planta-de-vellosilla-hieracium-pilosella\/","title":{"rendered":"Planta de Vellosilla | Hieracium pilosella"},"content":{"rendered":"<div class=\"relative overflow-hidden transition-[max-height,opacity] duration-300 ease-out mt-1 mb-5 [&amp;:not(:first-child)]:mt-4\" aria-hidden=\"false\">\n<div>\n<div class=\"no-scrollbar flex min-h-36 flex-nowrap gap-0.5 overflow-auto sm:gap-1 sm:overflow-hidden xl:min-h-44\">\n<div class=\"border-token-border-default relative w-32 shrink-0 overflow-hidden rounded-xl border-[0.5px] md:shrink max-h-64 sm:w-[calc((100%-0.5rem)\/3)] rounded-e-xl\">\n<div class=\"group\/search-image @container\/search-image relative rounded-[inherit] h-full w-full\"><\/div>\n<\/div>\n<\/div>\n<\/div>\n<div class=\"pointer-events-none absolute inset-x-0 bottom-0 z-10 h-12 bg-gradient-to-b from-transparent via-token-bg-primary\/80 to-token-bg-primary transition-opacity duration-300 ease-out opacity-0 delay-200\" aria-hidden=\"true\"><\/div>\n<\/div>\n<p data-start=\"96\" data-end=\"338\">La <strong data-start=\"99\" data-end=\"113\">Vellosilla<\/strong> (<em data-start=\"115\" data-end=\"136\">Hieracium pilosella<\/em>) es una <strong data-start=\"145\" data-end=\"172\">planta herb\u00e1cea perenne<\/strong> de crecimiento bajo. Sus hojas son <strong data-start=\"208\" data-end=\"239\">cubiertas de peque\u00f1os pelos<\/strong> y sus flores amarillas aparecen en primavera formando <strong data-start=\"294\" data-end=\"316\">cap\u00edtulos aislados<\/strong> sobre tallos finos.<\/p>\n","protected":false},"excerpt":{"rendered":"<p>La Vellosilla (Hieracium pilosella) es una planta herb\u00e1cea perenne de crecimiento bajo. Sus hojas son cubiertas de peque\u00f1os pelos y sus flores amarillas aparecen en primavera formando cap\u00edtulos aislados sobre tallos finos.<\/p>\n","protected":false},"featured_media":1029,"comment_status":"open","ping_status":"closed","template":"","meta":{"_et_pb_use_builder":"","_et_pb_old_content":"","_et_gb_content_width":""},"product_brand":[],"product_cat":[15],"product_tag":[],"class_list":{"0":"post-900","1":"product","2":"type-product","3":"status-publish","4":"has-post-thumbnail","6":"product_cat-sin-categorizar","8":"first","9":"instock","10":"shipping-taxable","11":"purchasable","12":"product-type-simple"},"jetpack_sharing_enabled":true,"_links":{"self":[{"href":"https:\/\/botalico.com\/index.php\/wp-json\/wp\/v2\/product\/900","targetHints":{"allow":["GET"]}}],"collection":[{"href":"https:\/\/botalico.com\/index.php\/wp-json\/wp\/v2\/product"}],"about":[{"href":"https:\/\/botalico.com\/index.php\/wp-json\/wp\/v2\/types\/product"}],"replies":[{"embeddable":true,"href":"https:\/\/botalico.com\/index.php\/wp-json\/wp\/v2\/comments?post=900"}],"wp:featuredmedia":[{"embeddable":true,"href":"https:\/\/botalico.com\/index.php\/wp-json\/wp\/v2\/media\/1029"}],"wp:attachment":[{"href":"https:\/\/botalico.com\/index.php\/wp-json\/wp\/v2\/media?parent=900"}],"wp:term":[{"taxonomy":"product_brand","embeddable":true,"href":"https:\/\/botalico.com\/index.php\/wp-json\/wp\/v2\/product_brand?post=900"},{"taxonomy":"product_cat","embeddable":true,"href":"https:\/\/botalico.com\/index.php\/wp-json\/wp\/v2\/product_cat?post=900"},{"taxonomy":"product_tag","embeddable":true,"href":"https:\/\/botalico.com\/index.php\/wp-json\/wp\/v2\/product_tag?post=900"}],"curies":[{"name":"wp","href":"https:\/\/api.w.org\/{rel}","templated":true}]}}