{"id":893,"date":"2026-02-26T11:46:37","date_gmt":"2026-02-26T11:46:37","guid":{"rendered":"https:\/\/botalico.com\/?post_type=product&#038;p=893"},"modified":"2026-03-16T13:09:05","modified_gmt":"2026-03-16T13:09:05","slug":"planta-de-una-de-gato-sedum-pulchellum","status":"publish","type":"product","link":"https:\/\/botalico.com\/index.php\/producto\/planta-de-una-de-gato-sedum-pulchellum\/","title":{"rendered":"Planta de U\u00f1a de gato | Sedum pulchellum"},"content":{"rendered":"<p>La <strong data-start=\"95\" data-end=\"110\">U\u00f1a de gato<\/strong> (<em data-start=\"112\" data-end=\"130\">Sedum pulchellum<\/em>) es una <strong data-start=\"139\" data-end=\"167\">planta suculenta peque\u00f1a<\/strong> con tallos finos y <strong data-start=\"187\" data-end=\"220\">hojas carnosas de color verde<\/strong>. En primavera produce <strong data-start=\"243\" data-end=\"280\">peque\u00f1as flores rosadas o blancas<\/strong> muy decorativas.<\/p>\n","protected":false},"excerpt":{"rendered":"<p>La U\u00f1a de gato (Sedum pulchellum) es una planta suculenta peque\u00f1a con tallos finos y hojas carnosas de color verde. En primavera produce peque\u00f1as flores rosadas o blancas muy decorativas.<\/p>\n","protected":false},"featured_media":0,"comment_status":"open","ping_status":"closed","template":"","meta":{"_et_pb_use_builder":"","_et_pb_old_content":"","_et_gb_content_width":""},"product_brand":[],"product_cat":[15],"product_tag":[],"class_list":{"0":"post-893","1":"product","2":"type-product","3":"status-publish","5":"product_cat-sin-categorizar","7":"first","8":"instock","9":"shipping-taxable","10":"purchasable","11":"product-type-simple"},"jetpack_sharing_enabled":true,"_links":{"self":[{"href":"https:\/\/botalico.com\/index.php\/wp-json\/wp\/v2\/product\/893","targetHints":{"allow":["GET"]}}],"collection":[{"href":"https:\/\/botalico.com\/index.php\/wp-json\/wp\/v2\/product"}],"about":[{"href":"https:\/\/botalico.com\/index.php\/wp-json\/wp\/v2\/types\/product"}],"replies":[{"embeddable":true,"href":"https:\/\/botalico.com\/index.php\/wp-json\/wp\/v2\/comments?post=893"}],"wp:attachment":[{"href":"https:\/\/botalico.com\/index.php\/wp-json\/wp\/v2\/media?parent=893"}],"wp:term":[{"taxonomy":"product_brand","embeddable":true,"href":"https:\/\/botalico.com\/index.php\/wp-json\/wp\/v2\/product_brand?post=893"},{"taxonomy":"product_cat","embeddable":true,"href":"https:\/\/botalico.com\/index.php\/wp-json\/wp\/v2\/product_cat?post=893"},{"taxonomy":"product_tag","embeddable":true,"href":"https:\/\/botalico.com\/index.php\/wp-json\/wp\/v2\/product_tag?post=893"}],"curies":[{"name":"wp","href":"https:\/\/api.w.org\/{rel}","templated":true}]}}