{"id":892,"date":"2026-02-26T11:46:37","date_gmt":"2026-02-26T11:46:37","guid":{"rendered":"https:\/\/botalico.com\/?post_type=product&#038;p=892"},"modified":"2026-03-16T12:53:23","modified_gmt":"2026-03-16T12:53:23","slug":"planta-de-una-de-gato-sedum-oreganum","status":"publish","type":"product","link":"https:\/\/botalico.com\/index.php\/producto\/planta-de-una-de-gato-sedum-oreganum\/","title":{"rendered":"Planta de U\u00f1a de gato | Sedum oreganum"},"content":{"rendered":"<p>La <strong data-start=\"93\" data-end=\"108\">U\u00f1a de gato<\/strong> (<em data-start=\"110\" data-end=\"126\">Sedum oreganum<\/em>) es una <strong data-start=\"135\" data-end=\"163\">planta suculenta perenne<\/strong> de peque\u00f1o tama\u00f1o. Tiene <strong data-start=\"189\" data-end=\"214\">hojas carnosas verdes<\/strong>, que pueden volverse rojizas cuando reciben mucho sol, y produce <strong data-start=\"280\" data-end=\"309\">peque\u00f1as flores amarillas<\/strong> en verano.<\/p>\n","protected":false},"excerpt":{"rendered":"<p>La U\u00f1a de gato (Sedum oreganum) es una planta suculenta perenne de peque\u00f1o tama\u00f1o. Tiene hojas carnosas verdes, que pueden volverse rojizas cuando reciben mucho sol, y produce peque\u00f1as flores amarillas en verano.<\/p>\n","protected":false},"featured_media":1035,"comment_status":"open","ping_status":"closed","template":"","meta":{"_et_pb_use_builder":"","_et_pb_old_content":"","_et_gb_content_width":""},"product_brand":[],"product_cat":[15],"product_tag":[],"class_list":{"0":"post-892","1":"product","2":"type-product","3":"status-publish","4":"has-post-thumbnail","6":"product_cat-sin-categorizar","8":"first","9":"instock","10":"shipping-taxable","11":"purchasable","12":"product-type-simple"},"jetpack_sharing_enabled":true,"_links":{"self":[{"href":"https:\/\/botalico.com\/index.php\/wp-json\/wp\/v2\/product\/892","targetHints":{"allow":["GET"]}}],"collection":[{"href":"https:\/\/botalico.com\/index.php\/wp-json\/wp\/v2\/product"}],"about":[{"href":"https:\/\/botalico.com\/index.php\/wp-json\/wp\/v2\/types\/product"}],"replies":[{"embeddable":true,"href":"https:\/\/botalico.com\/index.php\/wp-json\/wp\/v2\/comments?post=892"}],"wp:featuredmedia":[{"embeddable":true,"href":"https:\/\/botalico.com\/index.php\/wp-json\/wp\/v2\/media\/1035"}],"wp:attachment":[{"href":"https:\/\/botalico.com\/index.php\/wp-json\/wp\/v2\/media?parent=892"}],"wp:term":[{"taxonomy":"product_brand","embeddable":true,"href":"https:\/\/botalico.com\/index.php\/wp-json\/wp\/v2\/product_brand?post=892"},{"taxonomy":"product_cat","embeddable":true,"href":"https:\/\/botalico.com\/index.php\/wp-json\/wp\/v2\/product_cat?post=892"},{"taxonomy":"product_tag","embeddable":true,"href":"https:\/\/botalico.com\/index.php\/wp-json\/wp\/v2\/product_tag?post=892"}],"curies":[{"name":"wp","href":"https:\/\/api.w.org\/{rel}","templated":true}]}}