{"id":888,"date":"2026-02-26T11:46:36","date_gmt":"2026-02-26T11:46:36","guid":{"rendered":"https:\/\/botalico.com\/?post_type=product&#038;p=888"},"modified":"2026-03-16T13:17:57","modified_gmt":"2026-03-16T13:17:57","slug":"planta-de-una-de-gato-sedum-gypsicola","status":"publish","type":"product","link":"https:\/\/botalico.com\/index.php\/producto\/planta-de-una-de-gato-sedum-gypsicola\/","title":{"rendered":"Planta de U\u00f1a de gato | Sedum gypsicola"},"content":{"rendered":"<p>La <strong data-start=\"94\" data-end=\"109\">U\u00f1a de gato<\/strong> (<em data-start=\"111\" data-end=\"128\">Sedum gypsicola<\/em>) es una <strong data-start=\"137\" data-end=\"165\">planta suculenta perenne<\/strong> de tama\u00f1o peque\u00f1o, con <strong data-start=\"189\" data-end=\"243\">hojas carnosas y estrechas de color verde gris\u00e1ceo<\/strong>. Forma matas compactas y en primavera o verano produce <strong data-start=\"299\" data-end=\"325\">peque\u00f1as flores claras<\/strong>.<\/p>\n","protected":false},"excerpt":{"rendered":"<p>La U\u00f1a de gato (Sedum gypsicola) es una planta suculenta perenne de tama\u00f1o peque\u00f1o, con hojas carnosas y estrechas de color verde gris\u00e1ceo. Forma matas compactas y en primavera o verano produce peque\u00f1as flores claras.<\/p>\n","protected":false},"featured_media":1041,"comment_status":"open","ping_status":"closed","template":"","meta":{"_et_pb_use_builder":"","_et_pb_old_content":"","_et_gb_content_width":""},"product_brand":[],"product_cat":[15],"product_tag":[],"class_list":{"0":"post-888","1":"product","2":"type-product","3":"status-publish","4":"has-post-thumbnail","6":"product_cat-sin-categorizar","8":"first","9":"instock","10":"shipping-taxable","11":"purchasable","12":"product-type-simple"},"jetpack_sharing_enabled":true,"_links":{"self":[{"href":"https:\/\/botalico.com\/index.php\/wp-json\/wp\/v2\/product\/888","targetHints":{"allow":["GET"]}}],"collection":[{"href":"https:\/\/botalico.com\/index.php\/wp-json\/wp\/v2\/product"}],"about":[{"href":"https:\/\/botalico.com\/index.php\/wp-json\/wp\/v2\/types\/product"}],"replies":[{"embeddable":true,"href":"https:\/\/botalico.com\/index.php\/wp-json\/wp\/v2\/comments?post=888"}],"wp:featuredmedia":[{"embeddable":true,"href":"https:\/\/botalico.com\/index.php\/wp-json\/wp\/v2\/media\/1041"}],"wp:attachment":[{"href":"https:\/\/botalico.com\/index.php\/wp-json\/wp\/v2\/media?parent=888"}],"wp:term":[{"taxonomy":"product_brand","embeddable":true,"href":"https:\/\/botalico.com\/index.php\/wp-json\/wp\/v2\/product_brand?post=888"},{"taxonomy":"product_cat","embeddable":true,"href":"https:\/\/botalico.com\/index.php\/wp-json\/wp\/v2\/product_cat?post=888"},{"taxonomy":"product_tag","embeddable":true,"href":"https:\/\/botalico.com\/index.php\/wp-json\/wp\/v2\/product_tag?post=888"}],"curies":[{"name":"wp","href":"https:\/\/api.w.org\/{rel}","templated":true}]}}