{"id":884,"date":"2026-02-26T11:46:36","date_gmt":"2026-02-26T11:46:36","guid":{"rendered":"https:\/\/botalico.com\/?post_type=product&#038;p=884"},"modified":"2026-03-16T12:59:35","modified_gmt":"2026-03-16T12:59:35","slug":"planta-de-unciana-dorycnium-rectum","status":"publish","type":"product","link":"https:\/\/botalico.com\/index.php\/producto\/planta-de-unciana-dorycnium-rectum\/","title":{"rendered":"Planta de Unciana | Dorycnium rectum"},"content":{"rendered":"<p>La <strong data-start=\"91\" data-end=\"102\">Unciana<\/strong> (<em data-start=\"104\" data-end=\"122\">Dorycnium rectum<\/em>) es un <strong data-start=\"130\" data-end=\"157\">arbusto peque\u00f1o perenne<\/strong> t\u00edpico de zonas mediterr\u00e1neas. Tiene <strong data-start=\"195\" data-end=\"237\">hojas peque\u00f1as de color verde gris\u00e1ceo<\/strong> y produce <strong data-start=\"248\" data-end=\"285\">peque\u00f1as flores blancas o rosadas<\/strong> agrupadas.<\/p>\n","protected":false},"excerpt":{"rendered":"<p>La Unciana (Dorycnium rectum) es un arbusto peque\u00f1o perenne t\u00edpico de zonas mediterr\u00e1neas. Tiene hojas peque\u00f1as de color verde gris\u00e1ceo y produce peque\u00f1as flores blancas o rosadas agrupadas.<\/p>\n","protected":false},"featured_media":1038,"comment_status":"open","ping_status":"closed","template":"","meta":{"_et_pb_use_builder":"","_et_pb_old_content":"","_et_gb_content_width":""},"product_brand":[],"product_cat":[15],"product_tag":[],"class_list":{"0":"post-884","1":"product","2":"type-product","3":"status-publish","4":"has-post-thumbnail","6":"product_cat-sin-categorizar","8":"first","9":"instock","10":"shipping-taxable","11":"purchasable","12":"product-type-simple"},"jetpack_sharing_enabled":true,"_links":{"self":[{"href":"https:\/\/botalico.com\/index.php\/wp-json\/wp\/v2\/product\/884","targetHints":{"allow":["GET"]}}],"collection":[{"href":"https:\/\/botalico.com\/index.php\/wp-json\/wp\/v2\/product"}],"about":[{"href":"https:\/\/botalico.com\/index.php\/wp-json\/wp\/v2\/types\/product"}],"replies":[{"embeddable":true,"href":"https:\/\/botalico.com\/index.php\/wp-json\/wp\/v2\/comments?post=884"}],"wp:featuredmedia":[{"embeddable":true,"href":"https:\/\/botalico.com\/index.php\/wp-json\/wp\/v2\/media\/1038"}],"wp:attachment":[{"href":"https:\/\/botalico.com\/index.php\/wp-json\/wp\/v2\/media?parent=884"}],"wp:term":[{"taxonomy":"product_brand","embeddable":true,"href":"https:\/\/botalico.com\/index.php\/wp-json\/wp\/v2\/product_brand?post=884"},{"taxonomy":"product_cat","embeddable":true,"href":"https:\/\/botalico.com\/index.php\/wp-json\/wp\/v2\/product_cat?post=884"},{"taxonomy":"product_tag","embeddable":true,"href":"https:\/\/botalico.com\/index.php\/wp-json\/wp\/v2\/product_tag?post=884"}],"curies":[{"name":"wp","href":"https:\/\/api.w.org\/{rel}","templated":true}]}}