{"id":21,"date":"2026-02-26T11:43:46","date_gmt":"2026-02-26T11:43:46","guid":{"rendered":"https:\/\/botalico.com\/?post_type=product&#038;p=21"},"modified":"2026-03-05T08:31:50","modified_gmt":"2026-03-05T08:31:50","slug":"planta-de-acebuche-olea-europaea","status":"publish","type":"product","link":"https:\/\/botalico.com\/index.php\/producto\/planta-de-acebuche-olea-europaea\/","title":{"rendered":"Planta de Acebuche | Olea europaea"},"content":{"rendered":"<p>El <strong data-start=\"91\" data-end=\"103\">Acebuche<\/strong> (<em data-start=\"105\" data-end=\"120\">Olea europaea<\/em>) es la variedad silvestre del olivo, un <strong data-start=\"161\" data-end=\"208\">\u00e1rbol perenne de hojas verdes y lanceoladas<\/strong>. Sus frutos peque\u00f1os son similares a las aceitunas cultivadas y pueden crecer de forma natural en zonas mediterr\u00e1neas.<\/p>\n","protected":false},"excerpt":{"rendered":"<p>El Acebuche (Olea europaea) es la variedad silvestre del olivo, un \u00e1rbol perenne de hojas verdes y lanceoladas. Sus frutos peque\u00f1os son similares a las aceitunas cultivadas y pueden crecer de forma natural en zonas mediterr\u00e1neas.<\/p>\n","protected":false},"featured_media":999,"comment_status":"open","ping_status":"closed","template":"","meta":{"_et_pb_use_builder":"","_et_pb_old_content":"","_et_gb_content_width":""},"product_brand":[],"product_cat":[15],"product_tag":[],"class_list":{"0":"post-21","1":"product","2":"type-product","3":"status-publish","4":"has-post-thumbnail","6":"product_cat-sin-categorizar","8":"first","9":"instock","10":"shipping-taxable","11":"purchasable","12":"product-type-simple"},"jetpack_sharing_enabled":true,"_links":{"self":[{"href":"https:\/\/botalico.com\/index.php\/wp-json\/wp\/v2\/product\/21","targetHints":{"allow":["GET"]}}],"collection":[{"href":"https:\/\/botalico.com\/index.php\/wp-json\/wp\/v2\/product"}],"about":[{"href":"https:\/\/botalico.com\/index.php\/wp-json\/wp\/v2\/types\/product"}],"replies":[{"embeddable":true,"href":"https:\/\/botalico.com\/index.php\/wp-json\/wp\/v2\/comments?post=21"}],"wp:featuredmedia":[{"embeddable":true,"href":"https:\/\/botalico.com\/index.php\/wp-json\/wp\/v2\/media\/999"}],"wp:attachment":[{"href":"https:\/\/botalico.com\/index.php\/wp-json\/wp\/v2\/media?parent=21"}],"wp:term":[{"taxonomy":"product_brand","embeddable":true,"href":"https:\/\/botalico.com\/index.php\/wp-json\/wp\/v2\/product_brand?post=21"},{"taxonomy":"product_cat","embeddable":true,"href":"https:\/\/botalico.com\/index.php\/wp-json\/wp\/v2\/product_cat?post=21"},{"taxonomy":"product_tag","embeddable":true,"href":"https:\/\/botalico.com\/index.php\/wp-json\/wp\/v2\/product_tag?post=21"}],"curies":[{"name":"wp","href":"https:\/\/api.w.org\/{rel}","templated":true}]}}