{"id":20,"date":"2026-02-26T11:43:46","date_gmt":"2026-02-26T11:43:46","guid":{"rendered":"https:\/\/botalico.com\/?post_type=product&#038;p=20"},"modified":"2026-03-05T08:28:42","modified_gmt":"2026-03-05T08:28:42","slug":"planta-de-acebo-ilex-aquifolium","status":"publish","type":"product","link":"https:\/\/botalico.com\/index.php\/producto\/planta-de-acebo-ilex-aquifolium\/","title":{"rendered":"Planta de Acebo | Ilex aquifolium"},"content":{"rendered":"<p>El <strong data-start=\"90\" data-end=\"99\">Acebo<\/strong> (<em data-start=\"101\" data-end=\"118\">Ilex aquifolium<\/em>) es un arbusto o \u00e1rbol peque\u00f1o de hoja perenne, conocido por sus <strong data-start=\"184\" data-end=\"232\">hojas verdes brillantes con bordes espinosos<\/strong> y sus <strong data-start=\"239\" data-end=\"254\">bayas rojas<\/strong> en oto\u00f1o e invierno.<\/p>\n","protected":false},"excerpt":{"rendered":"<p>El Acebo (Ilex aquifolium) es un arbusto o \u00e1rbol peque\u00f1o de hoja perenne, conocido por sus hojas verdes brillantes con bordes espinosos y sus bayas rojas en oto\u00f1o e invierno.<\/p>\n","protected":false},"featured_media":996,"comment_status":"open","ping_status":"closed","template":"","meta":{"_et_pb_use_builder":"","_et_pb_old_content":"","_et_gb_content_width":""},"product_brand":[],"product_cat":[15],"product_tag":[],"class_list":{"0":"post-20","1":"product","2":"type-product","3":"status-publish","4":"has-post-thumbnail","6":"product_cat-sin-categorizar","8":"first","9":"instock","10":"shipping-taxable","11":"purchasable","12":"product-type-simple"},"jetpack_sharing_enabled":true,"_links":{"self":[{"href":"https:\/\/botalico.com\/index.php\/wp-json\/wp\/v2\/product\/20","targetHints":{"allow":["GET"]}}],"collection":[{"href":"https:\/\/botalico.com\/index.php\/wp-json\/wp\/v2\/product"}],"about":[{"href":"https:\/\/botalico.com\/index.php\/wp-json\/wp\/v2\/types\/product"}],"replies":[{"embeddable":true,"href":"https:\/\/botalico.com\/index.php\/wp-json\/wp\/v2\/comments?post=20"}],"wp:featuredmedia":[{"embeddable":true,"href":"https:\/\/botalico.com\/index.php\/wp-json\/wp\/v2\/media\/996"}],"wp:attachment":[{"href":"https:\/\/botalico.com\/index.php\/wp-json\/wp\/v2\/media?parent=20"}],"wp:term":[{"taxonomy":"product_brand","embeddable":true,"href":"https:\/\/botalico.com\/index.php\/wp-json\/wp\/v2\/product_brand?post=20"},{"taxonomy":"product_cat","embeddable":true,"href":"https:\/\/botalico.com\/index.php\/wp-json\/wp\/v2\/product_cat?post=20"},{"taxonomy":"product_tag","embeddable":true,"href":"https:\/\/botalico.com\/index.php\/wp-json\/wp\/v2\/product_tag?post=20"}],"curies":[{"name":"wp","href":"https:\/\/api.w.org\/{rel}","templated":true}]}}