{"id":18,"date":"2026-02-26T11:43:46","date_gmt":"2026-02-26T11:43:46","guid":{"rendered":"https:\/\/botalico.com\/?post_type=product&#038;p=18"},"modified":"2026-03-05T08:25:51","modified_gmt":"2026-03-05T08:25:51","slug":"planta-de-acacia-de-tres-puas-gleditsia-triacanthos","status":"publish","type":"product","link":"https:\/\/botalico.com\/index.php\/producto\/planta-de-acacia-de-tres-puas-gleditsia-triacanthos\/","title":{"rendered":"Planta de Acacia de tres puas | Gleditsia triacanthos"},"content":{"rendered":"<p>La <strong data-start=\"110\" data-end=\"133\">Acacia de tres p\u00faas<\/strong> (<em data-start=\"135\" data-end=\"158\">Gleditsia triacanthos<\/em>), tambi\u00e9n conocida como <strong data-start=\"183\" data-end=\"199\">Honey Locust<\/strong>, es un \u00e1rbol de crecimiento r\u00e1pido con <strong data-start=\"239\" data-end=\"278\">tallos espinosos y hojas compuestas<\/strong>. Produce peque\u00f1as flores verdosas y frutos largos tipo legumbre.<\/p>\n","protected":false},"excerpt":{"rendered":"<p>La Acacia de tres p\u00faas (Gleditsia triacanthos), tambi\u00e9n conocida como Honey Locust, es un \u00e1rbol de crecimiento r\u00e1pido con tallos espinosos y hojas compuestas. Produce peque\u00f1as flores verdosas y frutos largos tipo legumbre.<\/p>\n","protected":false},"featured_media":993,"comment_status":"open","ping_status":"closed","template":"","meta":{"_et_pb_use_builder":"","_et_pb_old_content":"","_et_gb_content_width":""},"product_brand":[],"product_cat":[15],"product_tag":[],"class_list":{"0":"post-18","1":"product","2":"type-product","3":"status-publish","4":"has-post-thumbnail","6":"product_cat-sin-categorizar","8":"first","9":"instock","10":"shipping-taxable","11":"purchasable","12":"product-type-simple"},"jetpack_sharing_enabled":true,"_links":{"self":[{"href":"https:\/\/botalico.com\/index.php\/wp-json\/wp\/v2\/product\/18","targetHints":{"allow":["GET"]}}],"collection":[{"href":"https:\/\/botalico.com\/index.php\/wp-json\/wp\/v2\/product"}],"about":[{"href":"https:\/\/botalico.com\/index.php\/wp-json\/wp\/v2\/types\/product"}],"replies":[{"embeddable":true,"href":"https:\/\/botalico.com\/index.php\/wp-json\/wp\/v2\/comments?post=18"}],"wp:featuredmedia":[{"embeddable":true,"href":"https:\/\/botalico.com\/index.php\/wp-json\/wp\/v2\/media\/993"}],"wp:attachment":[{"href":"https:\/\/botalico.com\/index.php\/wp-json\/wp\/v2\/media?parent=18"}],"wp:term":[{"taxonomy":"product_brand","embeddable":true,"href":"https:\/\/botalico.com\/index.php\/wp-json\/wp\/v2\/product_brand?post=18"},{"taxonomy":"product_cat","embeddable":true,"href":"https:\/\/botalico.com\/index.php\/wp-json\/wp\/v2\/product_cat?post=18"},{"taxonomy":"product_tag","embeddable":true,"href":"https:\/\/botalico.com\/index.php\/wp-json\/wp\/v2\/product_tag?post=18"}],"curies":[{"name":"wp","href":"https:\/\/api.w.org\/{rel}","templated":true}]}}