{"id":17,"date":"2026-02-26T11:43:46","date_gmt":"2026-02-26T11:43:46","guid":{"rendered":"https:\/\/botalico.com\/?post_type=product&#038;p=17"},"modified":"2026-03-05T08:23:50","modified_gmt":"2026-03-05T08:23:50","slug":"planta-de-acacia-de-constantinopla-albizia-julibrissin-rosea","status":"publish","type":"product","link":"https:\/\/botalico.com\/index.php\/producto\/planta-de-acacia-de-constantinopla-albizia-julibrissin-rosea\/","title":{"rendered":"Planta de Acacia de constantinopla | Albizia julibrissin rosea"},"content":{"rendered":"<p>La <strong data-start=\"119\" data-end=\"147\">Acacia de Constantinopla<\/strong> (<em data-start=\"149\" data-end=\"176\">Albizia julibrissin rosea<\/em>) es un \u00e1rbol de <strong data-start=\"193\" data-end=\"215\">crecimiento r\u00e1pido<\/strong> y follaje elegante. Sus hojas son bipinnadas y sus flores, de color rosa intenso, tienen una forma caracter\u00edstica de \u201cpompones\u201d que aparecen en verano y desprenden un aroma suave.<\/p>\n","protected":false},"excerpt":{"rendered":"<p>La Acacia de Constantinopla (Albizia julibrissin rosea) es un \u00e1rbol de crecimiento r\u00e1pido y follaje elegante. Sus hojas son bipinnadas y sus flores, de color rosa intenso, tienen una forma caracter\u00edstica de \u201cpompones\u201d que aparecen en verano y desprenden un aroma suave.<\/p>\n","protected":false},"featured_media":992,"comment_status":"open","ping_status":"closed","template":"","meta":{"_et_pb_use_builder":"","_et_pb_old_content":"","_et_gb_content_width":""},"product_brand":[],"product_cat":[15],"product_tag":[],"class_list":{"0":"post-17","1":"product","2":"type-product","3":"status-publish","4":"has-post-thumbnail","6":"product_cat-sin-categorizar","8":"first","9":"instock","10":"shipping-taxable","11":"purchasable","12":"product-type-simple"},"jetpack_sharing_enabled":true,"_links":{"self":[{"href":"https:\/\/botalico.com\/index.php\/wp-json\/wp\/v2\/product\/17","targetHints":{"allow":["GET"]}}],"collection":[{"href":"https:\/\/botalico.com\/index.php\/wp-json\/wp\/v2\/product"}],"about":[{"href":"https:\/\/botalico.com\/index.php\/wp-json\/wp\/v2\/types\/product"}],"replies":[{"embeddable":true,"href":"https:\/\/botalico.com\/index.php\/wp-json\/wp\/v2\/comments?post=17"}],"wp:featuredmedia":[{"embeddable":true,"href":"https:\/\/botalico.com\/index.php\/wp-json\/wp\/v2\/media\/992"}],"wp:attachment":[{"href":"https:\/\/botalico.com\/index.php\/wp-json\/wp\/v2\/media?parent=17"}],"wp:term":[{"taxonomy":"product_brand","embeddable":true,"href":"https:\/\/botalico.com\/index.php\/wp-json\/wp\/v2\/product_brand?post=17"},{"taxonomy":"product_cat","embeddable":true,"href":"https:\/\/botalico.com\/index.php\/wp-json\/wp\/v2\/product_cat?post=17"},{"taxonomy":"product_tag","embeddable":true,"href":"https:\/\/botalico.com\/index.php\/wp-json\/wp\/v2\/product_tag?post=17"}],"curies":[{"name":"wp","href":"https:\/\/api.w.org\/{rel}","templated":true}]}}