{"id":15,"date":"2026-02-26T11:43:46","date_gmt":"2026-02-26T11:43:46","guid":{"rendered":"https:\/\/botalico.com\/?post_type=product&#038;p=15"},"modified":"2026-03-05T08:19:24","modified_gmt":"2026-03-05T08:19:24","slug":"planta-de-abeto-abies-alba","status":"publish","type":"product","link":"https:\/\/botalico.com\/index.php\/producto\/planta-de-abeto-abies-alba\/","title":{"rendered":"Planta de Abeto | Abies alba"},"content":{"rendered":"<p>El <strong data-start=\"83\" data-end=\"92\">Abeto<\/strong> (<em data-start=\"94\" data-end=\"106\">Abies alba<\/em>) es un \u00e1rbol con\u00edfero de hoja perenne conocido por sus <strong data-start=\"162\" data-end=\"197\">agujas verdes y su forma c\u00f3nica<\/strong>. Puede crecer mucho en bosques de monta\u00f1a y es muy apreciado como \u00e1rbol ornamental.<\/p>\n","protected":false},"excerpt":{"rendered":"<p>El Abeto (Abies alba) es un \u00e1rbol con\u00edfero de hoja perenne conocido por sus agujas verdes y su forma c\u00f3nica. Puede crecer mucho en bosques de monta\u00f1a y es muy apreciado como \u00e1rbol ornamental.<\/p>\n","protected":false},"featured_media":988,"comment_status":"open","ping_status":"closed","template":"","meta":{"_et_pb_use_builder":"","_et_pb_old_content":"","_et_gb_content_width":""},"product_brand":[],"product_cat":[15],"product_tag":[],"class_list":{"0":"post-15","1":"product","2":"type-product","3":"status-publish","4":"has-post-thumbnail","6":"product_cat-sin-categorizar","8":"first","9":"instock","10":"shipping-taxable","11":"purchasable","12":"product-type-simple"},"jetpack_sharing_enabled":true,"_links":{"self":[{"href":"https:\/\/botalico.com\/index.php\/wp-json\/wp\/v2\/product\/15","targetHints":{"allow":["GET"]}}],"collection":[{"href":"https:\/\/botalico.com\/index.php\/wp-json\/wp\/v2\/product"}],"about":[{"href":"https:\/\/botalico.com\/index.php\/wp-json\/wp\/v2\/types\/product"}],"replies":[{"embeddable":true,"href":"https:\/\/botalico.com\/index.php\/wp-json\/wp\/v2\/comments?post=15"}],"wp:featuredmedia":[{"embeddable":true,"href":"https:\/\/botalico.com\/index.php\/wp-json\/wp\/v2\/media\/988"}],"wp:attachment":[{"href":"https:\/\/botalico.com\/index.php\/wp-json\/wp\/v2\/media?parent=15"}],"wp:term":[{"taxonomy":"product_brand","embeddable":true,"href":"https:\/\/botalico.com\/index.php\/wp-json\/wp\/v2\/product_brand?post=15"},{"taxonomy":"product_cat","embeddable":true,"href":"https:\/\/botalico.com\/index.php\/wp-json\/wp\/v2\/product_cat?post=15"},{"taxonomy":"product_tag","embeddable":true,"href":"https:\/\/botalico.com\/index.php\/wp-json\/wp\/v2\/product_tag?post=15"}],"curies":[{"name":"wp","href":"https:\/\/api.w.org\/{rel}","templated":true}]}}