{"id":14,"date":"2026-02-26T11:43:46","date_gmt":"2026-02-26T11:43:46","guid":{"rendered":"https:\/\/botalico.com\/?post_type=product&#038;p=14"},"modified":"2026-03-05T07:59:21","modified_gmt":"2026-03-05T07:59:21","slug":"planta-de-abedul-aliso-blanco-betula-alba","status":"publish","type":"product","link":"https:\/\/botalico.com\/index.php\/producto\/planta-de-abedul-aliso-blanco-betula-alba\/","title":{"rendered":"Planta de Abedul, aliso blanco | Betula alba"},"content":{"rendered":"<p>El <strong data-start=\"100\" data-end=\"110\">Abedul<\/strong> (<em data-start=\"112\" data-end=\"125\">Betula alba<\/em>) es un \u00e1rbol caducifolio conocido por su <strong data-start=\"167\" data-end=\"200\">corteza blanca caracter\u00edstica<\/strong> y sus hojas verdes con bordes dentados. En oto\u00f1o sus hojas se vuelven amarillas antes de caer.<\/p>\n","protected":false},"excerpt":{"rendered":"<p>El Abedul (Betula alba) es un \u00e1rbol caducifolio conocido por su corteza blanca caracter\u00edstica y sus hojas verdes con bordes dentados. En oto\u00f1o sus hojas se vuelven amarillas antes de caer.<\/p>\n","protected":false},"featured_media":979,"comment_status":"open","ping_status":"closed","template":"","meta":{"_et_pb_use_builder":"","_et_pb_old_content":"","_et_gb_content_width":""},"product_brand":[],"product_cat":[15],"product_tag":[],"class_list":{"0":"post-14","1":"product","2":"type-product","3":"status-publish","4":"has-post-thumbnail","6":"product_cat-sin-categorizar","8":"first","9":"instock","10":"shipping-taxable","11":"purchasable","12":"product-type-simple"},"jetpack_sharing_enabled":true,"_links":{"self":[{"href":"https:\/\/botalico.com\/index.php\/wp-json\/wp\/v2\/product\/14","targetHints":{"allow":["GET"]}}],"collection":[{"href":"https:\/\/botalico.com\/index.php\/wp-json\/wp\/v2\/product"}],"about":[{"href":"https:\/\/botalico.com\/index.php\/wp-json\/wp\/v2\/types\/product"}],"replies":[{"embeddable":true,"href":"https:\/\/botalico.com\/index.php\/wp-json\/wp\/v2\/comments?post=14"}],"wp:featuredmedia":[{"embeddable":true,"href":"https:\/\/botalico.com\/index.php\/wp-json\/wp\/v2\/media\/979"}],"wp:attachment":[{"href":"https:\/\/botalico.com\/index.php\/wp-json\/wp\/v2\/media?parent=14"}],"wp:term":[{"taxonomy":"product_brand","embeddable":true,"href":"https:\/\/botalico.com\/index.php\/wp-json\/wp\/v2\/product_brand?post=14"},{"taxonomy":"product_cat","embeddable":true,"href":"https:\/\/botalico.com\/index.php\/wp-json\/wp\/v2\/product_cat?post=14"},{"taxonomy":"product_tag","embeddable":true,"href":"https:\/\/botalico.com\/index.php\/wp-json\/wp\/v2\/product_tag?post=14"}],"curies":[{"name":"wp","href":"https:\/\/api.w.org\/{rel}","templated":true}]}}