{"id":8,"date":"2026-02-26T11:24:28","date_gmt":"2026-02-26T11:24:28","guid":{"rendered":"https:\/\/botalico.com\/index.php\/carrito\/"},"modified":"2026-02-27T12:43:08","modified_gmt":"2026-02-27T12:43:08","slug":"carrito","status":"publish","type":"page","link":"https:\/\/botalico.com\/index.php\/carrito\/","title":{"rendered":"Carrito"},"content":{"rendered":"\n<div data-block-name=\"woocommerce\/cart\" class=\"wp-block-woocommerce-cart alignwide is-loading\">\n<div data-block-name=\"woocommerce\/filled-cart-block\" class=\"wp-block-woocommerce-filled-cart-block\">\n<div data-block-name=\"woocommerce\/cart-items-block\" class=\"wp-block-woocommerce-cart-items-block\">\n<div data-block-name=\"woocommerce\/cart-line-items-block\" class=\"wp-block-woocommerce-cart-line-items-block\"><\/div>\n\n\n<\/div>\n\n\n\n\n<div data-block-name=\"woocommerce\/cart-totals-block\" class=\"wp-block-woocommerce-cart-totals-block\">\n<div data-block-name=\"woocommerce\/cart-order-summary-block\" class=\"wp-block-woocommerce-cart-order-summary-block\">\n<div data-block-name=\"woocommerce\/cart-order-summary-heading-block\" class=\"wp-block-woocommerce-cart-order-summary-heading-block\"><\/div><div data-block-name=\"woocommerce\/cart-order-summary-coupon-form-block\" class=\"wp-block-woocommerce-cart-order-summary-coupon-form-block\"><\/div><div data-block-name=\"woocommerce\/cart-order-summary-totals-block\" class=\"wp-block-woocommerce-cart-order-summary-totals-block\">\n<div data-block-name=\"woocommerce\/cart-order-summary-subtotal-block\" class=\"wp-block-woocommerce-cart-order-summary-subtotal-block\"><\/div>\n<div data-block-name=\"woocommerce\/cart-order-summary-discount-block\" class=\"wp-block-woocommerce-cart-order-summary-discount-block\"><\/div>\n<div data-block-name=\"woocommerce\/cart-order-summary-fee-block\" class=\"wp-block-woocommerce-cart-order-summary-fee-block\"><\/div>\n<div data-block-name=\"woocommerce\/cart-order-summary-shipping-block\" class=\"wp-block-woocommerce-cart-order-summary-shipping-block\"><\/div>\n<div data-block-name=\"woocommerce\/cart-order-summary-taxes-block\" class=\"wp-block-woocommerce-cart-order-summary-taxes-block\"><\/div><\/div>\n<\/div>\n\n\n\n<div data-block-name=\"woocommerce\/cart-express-payment-block\" class=\"wp-block-woocommerce-cart-express-payment-block\"><\/div>\n\n\n\n<div data-block-name=\"woocommerce\/proceed-to-checkout-block\" class=\"wp-block-woocommerce-proceed-to-checkout-block\"><\/div>\n\n\n\n<div data-block-name=\"woocommerce\/cart-accepted-payment-methods-block\" class=\"wp-block-woocommerce-cart-accepted-payment-methods-block\"><\/div>\n<\/div>\n<\/div>\n\n\n\n<div data-block-name=\"woocommerce\/empty-cart-block\" class=\"wp-block-woocommerce-empty-cart-block\">\n<h2 class=\"wp-block-heading has-text-align-center with-empty-cart-icon wc-block-cart__empty-cart__title\">\u00a1Tu carrito est\u00e1 actualmente vac\u00edo!<\/h2>\n\n\n\n<hr class=\"wp-block-separator has-alpha-channel-opacity is-style-dots\"\/>\n\n\n\n<h2 class=\"wp-block-heading has-text-align-center\">Nuevo en la tienda<\/h2>\n\n\n<div data-block-name=\"woocommerce\/product-new\" data-columns=\"4\" data-rows=\"1\" class=\"wc-block-grid wp-block-product-new wp-block-woocommerce-product-new wc-block-product-new has-4-columns\"><ul class=\"wc-block-grid__products\"><li class=\"wc-block-grid__product\">\n\t\t\t\t<a href=\"https:\/\/botalico.com\/index.php\/producto\/planta-de-arbol-del-paraiso-elaeagnus-angustifolia\/\" class=\"wc-block-grid__product-link\">\n\t\t\t\t\t\n\t\t\t\t\t<div class=\"wc-block-grid__product-image\"><img loading=\"lazy\" decoding=\"async\" width=\"300\" height=\"300\" src=\"https:\/\/botalico.com\/wp-content\/uploads\/2026\/02\/naranja-300x300.jpg\" class=\"attachment-woocommerce_thumbnail size-woocommerce_thumbnail\" alt=\"Planta de \u00c1rbol del paraiso | Elaeagnus angustifolia\" srcset=\"https:\/\/botalico.com\/wp-content\/uploads\/2026\/02\/naranja-300x300.jpg 300w, https:\/\/botalico.com\/wp-content\/uploads\/2026\/02\/naranja-100x100.jpg 100w, https:\/\/botalico.com\/wp-content\/uploads\/2026\/02\/naranja-150x150.jpg 150w\" sizes=\"(max-width: 300px) 100vw, 300px\" \/><\/div>\n\t\t\t\t\t<div class=\"wc-block-grid__product-title\">Planta de \u00c1rbol del paraiso | Elaeagnus angustifolia<\/div>\n\t\t\t\t<\/a>\n\t\t\t\t<div class=\"wc-block-grid__product-price price\"><span class=\"woocommerce-Price-amount amount\">2,99&nbsp;<span class=\"woocommerce-Price-currencySymbol\">&euro;<\/span><\/span><\/div>\n\t\t\t\t\n\t\t\t\t<div class=\"wp-block-button wc-block-grid__product-add-to-cart\"><a href=\"\/index.php\/wp-json\/wp\/v2\/pages\/8?add-to-cart=936\" aria-label=\"A\u00f1adir al carrito: &ldquo;Planta de \u00c1rbol del paraiso | Elaeagnus angustifolia&rdquo;\" data-quantity=\"1\" data-product_id=\"936\" data-product_sku=\"\" data-price=\"2.99\" rel=\"nofollow\" class=\"wp-block-button__link  add_to_cart_button ajax_add_to_cart\">A\u00f1adir al carrito<\/a><\/div>\n\t\t\t<\/li><li class=\"wc-block-grid__product\">\n\t\t\t\t<a href=\"https:\/\/botalico.com\/index.php\/producto\/planta-de-arbol-del-coral-erythrina-crista-galli\/\" class=\"wc-block-grid__product-link\">\n\t\t\t\t\t\n\t\t\t\t\t<div class=\"wc-block-grid__product-image\"><img loading=\"lazy\" decoding=\"async\" width=\"300\" height=\"300\" src=\"https:\/\/botalico.com\/wp-content\/uploads\/2026\/02\/planta-rosa-300x300.webp\" class=\"attachment-woocommerce_thumbnail size-woocommerce_thumbnail\" alt=\"Planta de \u00c1rbol del coral | Erythrina crista-galli\" srcset=\"https:\/\/botalico.com\/wp-content\/uploads\/2026\/02\/planta-rosa-300x300.webp 300w, https:\/\/botalico.com\/wp-content\/uploads\/2026\/02\/planta-rosa-100x100.webp 100w, https:\/\/botalico.com\/wp-content\/uploads\/2026\/02\/planta-rosa-150x150.webp 150w\" sizes=\"(max-width: 300px) 100vw, 300px\" \/><\/div>\n\t\t\t\t\t<div class=\"wc-block-grid__product-title\">Planta de \u00c1rbol del coral | Erythrina crista-galli<\/div>\n\t\t\t\t<\/a>\n\t\t\t\t<div class=\"wc-block-grid__product-price price\"><span class=\"woocommerce-Price-amount amount\">2,99&nbsp;<span class=\"woocommerce-Price-currencySymbol\">&euro;<\/span><\/span><\/div>\n\t\t\t\t\n\t\t\t\t<div class=\"wp-block-button wc-block-grid__product-add-to-cart\"><a href=\"\/index.php\/wp-json\/wp\/v2\/pages\/8?add-to-cart=935\" aria-label=\"A\u00f1adir al carrito: &ldquo;Planta de \u00c1rbol del coral | Erythrina crista-galli&rdquo;\" data-quantity=\"1\" data-product_id=\"935\" data-product_sku=\"\" data-price=\"2.99\" rel=\"nofollow\" class=\"wp-block-button__link  add_to_cart_button ajax_add_to_cart\">A\u00f1adir al carrito<\/a><\/div>\n\t\t\t<\/li><li class=\"wc-block-grid__product\">\n\t\t\t\t<a href=\"https:\/\/botalico.com\/index.php\/producto\/planta-de-arbol-de-jupiter-lagerstroemia-indica\/\" class=\"wc-block-grid__product-link\">\n\t\t\t\t\t\n\t\t\t\t\t<div class=\"wc-block-grid__product-image\"><img loading=\"lazy\" decoding=\"async\" width=\"300\" height=\"300\" src=\"https:\/\/botalico.com\/wp-content\/uploads\/2026\/02\/jupiter-300x300.webp\" class=\"attachment-woocommerce_thumbnail size-woocommerce_thumbnail\" alt=\"Planta de \u00c1rbol de j\u00fapiter | Lagerstroemia indica\" srcset=\"https:\/\/botalico.com\/wp-content\/uploads\/2026\/02\/jupiter-300x300.webp 300w, https:\/\/botalico.com\/wp-content\/uploads\/2026\/02\/jupiter-100x100.webp 100w, https:\/\/botalico.com\/wp-content\/uploads\/2026\/02\/jupiter-600x600.webp 600w, https:\/\/botalico.com\/wp-content\/uploads\/2026\/02\/jupiter-150x150.webp 150w, https:\/\/botalico.com\/wp-content\/uploads\/2026\/02\/jupiter-768x768.webp 768w, https:\/\/botalico.com\/wp-content\/uploads\/2026\/02\/jupiter.webp 800w\" sizes=\"(max-width: 300px) 100vw, 300px\" \/><\/div>\n\t\t\t\t\t<div class=\"wc-block-grid__product-title\">Planta de \u00c1rbol de j\u00fapiter | Lagerstroemia indica<\/div>\n\t\t\t\t<\/a>\n\t\t\t\t<div class=\"wc-block-grid__product-price price\"><span class=\"woocommerce-Price-amount amount\">2,99&nbsp;<span class=\"woocommerce-Price-currencySymbol\">&euro;<\/span><\/span><\/div>\n\t\t\t\t\n\t\t\t\t<div class=\"wp-block-button wc-block-grid__product-add-to-cart\"><a href=\"\/index.php\/wp-json\/wp\/v2\/pages\/8?add-to-cart=934\" aria-label=\"A\u00f1adir al carrito: &ldquo;Planta de \u00c1rbol de j\u00fapiter | Lagerstroemia indica&rdquo;\" data-quantity=\"1\" data-product_id=\"934\" data-product_sku=\"\" data-price=\"2.99\" rel=\"nofollow\" class=\"wp-block-button__link  add_to_cart_button ajax_add_to_cart\">A\u00f1adir al carrito<\/a><\/div>\n\t\t\t<\/li><li class=\"wc-block-grid__product\">\n\t\t\t\t<a href=\"https:\/\/botalico.com\/index.php\/producto\/planta-de-alamo-negro-populus-nigra\/\" class=\"wc-block-grid__product-link\">\n\t\t\t\t\t\n\t\t\t\t\t<div class=\"wc-block-grid__product-image\"><img loading=\"lazy\" decoding=\"async\" width=\"300\" height=\"300\" src=\"https:\/\/botalico.com\/wp-content\/uploads\/2026\/02\/1-1-scaled-300x300.webp\" class=\"attachment-woocommerce_thumbnail size-woocommerce_thumbnail\" alt=\"Planta de \u00c1lamo negro | Populus nigra\" srcset=\"https:\/\/botalico.com\/wp-content\/uploads\/2026\/02\/1-1-scaled-300x300.webp 300w, https:\/\/botalico.com\/wp-content\/uploads\/2026\/02\/1-1-scaled-100x100.webp 100w, https:\/\/botalico.com\/wp-content\/uploads\/2026\/02\/1-1-150x150.webp 150w\" sizes=\"(max-width: 300px) 100vw, 300px\" \/><\/div>\n\t\t\t\t\t<div class=\"wc-block-grid__product-title\">Planta de \u00c1lamo negro | Populus nigra<\/div>\n\t\t\t\t<\/a>\n\t\t\t\t<div class=\"wc-block-grid__product-price price\"><span class=\"woocommerce-Price-amount amount\">2,99&nbsp;<span class=\"woocommerce-Price-currencySymbol\">&euro;<\/span><\/span><\/div>\n\t\t\t\t\n\t\t\t\t<div class=\"wp-block-button wc-block-grid__product-add-to-cart\"><a href=\"\/index.php\/wp-json\/wp\/v2\/pages\/8?add-to-cart=933\" aria-label=\"A\u00f1adir al carrito: &ldquo;Planta de \u00c1lamo negro | Populus nigra&rdquo;\" data-quantity=\"1\" data-product_id=\"933\" data-product_sku=\"\" data-price=\"2.99\" rel=\"nofollow\" class=\"wp-block-button__link  add_to_cart_button ajax_add_to_cart\">A\u00f1adir al carrito<\/a><\/div>\n\t\t\t<\/li><\/ul><\/div><\/div>\n<\/div>\n","protected":false},"excerpt":{"rendered":"","protected":false},"author":1,"featured_media":0,"parent":0,"menu_order":0,"comment_status":"closed","ping_status":"closed","template":"","meta":{"_et_pb_use_builder":"","_et_pb_old_content":"","_et_gb_content_width":"","footnotes":""},"class_list":["post-8","page","type-page","status-publish","hentry"],"jetpack_sharing_enabled":true,"_links":{"self":[{"href":"https:\/\/botalico.com\/index.php\/wp-json\/wp\/v2\/pages\/8","targetHints":{"allow":["GET"]}}],"collection":[{"href":"https:\/\/botalico.com\/index.php\/wp-json\/wp\/v2\/pages"}],"about":[{"href":"https:\/\/botalico.com\/index.php\/wp-json\/wp\/v2\/types\/page"}],"author":[{"embeddable":true,"href":"https:\/\/botalico.com\/index.php\/wp-json\/wp\/v2\/users\/1"}],"replies":[{"embeddable":true,"href":"https:\/\/botalico.com\/index.php\/wp-json\/wp\/v2\/comments?post=8"}],"version-history":[{"count":1,"href":"https:\/\/botalico.com\/index.php\/wp-json\/wp\/v2\/pages\/8\/revisions"}],"predecessor-version":[{"id":12,"href":"https:\/\/botalico.com\/index.php\/wp-json\/wp\/v2\/pages\/8\/revisions\/12"}],"wp:attachment":[{"href":"https:\/\/botalico.com\/index.php\/wp-json\/wp\/v2\/media?parent=8"}],"curies":[{"name":"wp","href":"https:\/\/api.w.org\/{rel}","templated":true}]}}